{"id":12280,"date":"2021-01-16T12:07:15","date_gmt":"2021-01-16T12:07:15","guid":{"rendered":"https:\/\/ciyashop.potenzaglobalsolutions.com\/medical\/?post_type=product&#038;p=12280"},"modified":"2023-08-14T03:33:20","modified_gmt":"2023-08-14T03:33:20","slug":"dolomite-fine-powder-twenty-micron-fineness-roller-mill-grinding-line","status":"publish","type":"product","link":"https:\/\/www.vertical-roller-mill.com\/es\/product\/dolomite-fine-powder-twenty-micron-fineness-roller-mill-grinding-line\/","title":{"rendered":"L\u00ednea de molienda de molino de rodillos de finura de veinte micrones para polvo fino de dolomita"},"content":{"rendered":"<p>Un cliente indio nos compr\u00f3 una l\u00ednea de molienda con molino de rodillos para la producci\u00f3n de polvo fino de dolomita. Los requisitos t\u00e9cnicos son los siguientes:<br \/>\nMateria prima: Dolomita<br \/>\nTama\u00f1o de alimentaci\u00f3n: 10 mm<br \/>\nFinura del producto: D<sub>97<\/sub>\u00a020 micrones<br \/>\nCapacidad de producci\u00f3n: 3t\/h<\/p>\n<p>La base de la dolomita es el carbonato de calcio con una estructura cristalina similar a la de la calcita. Su dureza Mohs es de aproximadamente 4 y es muy adecuada para la molienda con molino de rodillos. El molino de rodillos puede moler materiales en polvos superfinos de manera eficiente con un bajo costo de operaci\u00f3n. Mientras tanto, se puede utilizar en muchas industrias, como la industria del recubrimiento en polvo, la industria del relleno de pl\u00e1stico, la industria del relleno de caucho y otras industrias. El molino de rodillos puede producir polvos de alta pureza y blancura, mejorando su rendimiento de aplicaci\u00f3n.<\/p>","protected":false},"excerpt":{"rendered":"<div class=\"project-details__info-single\">\n<h5 class=\"project-details__info-client\">Materiales:<\/h5>\n<p class=\"project-details__info-name\">Dolomita<\/p>\n<\/div>\n<div class=\"project-details__info-single\">\n<h5 class=\"project-details__info-client\">Granularidad:<\/h5>\n<p class=\"project-details__info-name\">D97 20 micrones<\/p>\n<\/div>\n<div class=\"project-details__info-single\">\n<h5 class=\"project-details__info-client\">Producci\u00f3n:<\/h5>\n<p class=\"project-details__info-name\">3 toneladas por hora<\/p>\n<\/div>","protected":false},"featured_media":13638,"template":"","meta":{"site-sidebar-layout":"default","site-content-layout":"default","ast-site-content-layout":"","site-content-style":"default","site-sidebar-style":"default","ast-global-header-display":"","ast-banner-title-visibility":"","ast-main-header-display":"","ast-hfb-above-header-display":"","ast-hfb-below-header-display":"","ast-hfb-mobile-header-display":"","site-post-title":"","ast-breadcrumbs-content":"","ast-featured-img":"","footer-sml-layout":"","theme-transparent-header-meta":"default","adv-header-id-meta":"","stick-header-meta":"default","header-above-stick-meta":"","header-main-stick-meta":"","header-below-stick-meta":"","astra-migrate-meta-layouts":"default","ast-page-background-enabled":"default","ast-page-background-meta":{"desktop":{"background-color":"","background-image":"","background-repeat":"repeat","background-position":"center center","background-size":"auto","background-attachment":"scroll","background-type":"","background-media":"","overlay-type":"","overlay-color":"","overlay-opacity":"","overlay-gradient":""},"tablet":{"background-color":"","background-image":"","background-repeat":"repeat","background-position":"center center","background-size":"auto","background-attachment":"scroll","background-type":"","background-media":"","overlay-type":"","overlay-color":"","overlay-opacity":"","overlay-gradient":""},"mobile":{"background-color":"","background-image":"","background-repeat":"repeat","background-position":"center center","background-size":"auto","background-attachment":"scroll","background-type":"","background-media":"","overlay-type":"","overlay-color":"","overlay-opacity":"","overlay-gradient":""}},"ast-content-background-meta":{"desktop":{"background-color":"var(--ast-global-color-5)","background-image":"","background-repeat":"repeat","background-position":"center center","background-size":"auto","background-attachment":"scroll","background-type":"","background-media":"","overlay-type":"","overlay-color":"","overlay-opacity":"","overlay-gradient":""},"tablet":{"background-color":"var(--ast-global-color-5)","background-image":"","background-repeat":"repeat","background-position":"center center","background-size":"auto","background-attachment":"scroll","background-type":"","background-media":"","overlay-type":"","overlay-color":"","overlay-opacity":"","overlay-gradient":""},"mobile":{"background-color":"var(--ast-global-color-5)","background-image":"","background-repeat":"repeat","background-position":"center center","background-size":"auto","background-attachment":"scroll","background-type":"","background-media":"","overlay-type":"","overlay-color":"","overlay-opacity":"","overlay-gradient":""}}},"product_cat":[24],"product_tag":[],"class_list":{"0":"post-12280","1":"product","2":"type-product","3":"status-publish","4":"has-post-thumbnail","6":"product_cat-roller-mill","7":"desktop-align-center","8":"tablet-align-center","9":"mobile-align-center","10":"ast-product-gallery-layout-horizontal-slider","11":"ast-product-gallery-with-no-image","12":"ast-product-tabs-layout-horizontal","14":"first","15":"instock","16":"featured","17":"shipping-taxable","18":"product-type-simple"},"yoast_head":"<!-- This site is optimized with the Yoast SEO plugin v24.4 - https:\/\/yoast.com\/wordpress\/plugins\/seo\/ -->\n<title>Dolomite Fine Powder Twenty Micron Fineness Roller Mill Grinding Line - Ring Roller Mill<\/title>\n<meta name=\"robots\" content=\"index, follow, max-snippet:-1, max-image-preview:large, max-video-preview:-1\" \/>\n<link rel=\"canonical\" href=\"https:\/\/www.vertical-roller-mill.com\/es\/producto\/dolomite-fine-powder-twenty-micron-fineness-roller-mill-grinding-line\/\" \/>\n<meta property=\"og:locale\" content=\"es_ES\" \/>\n<meta property=\"og:type\" content=\"article\" \/>\n<meta property=\"og:title\" content=\"Dolomite Fine Powder Twenty Micron Fineness Roller Mill Grinding Line - Ring Roller Mill\" \/>\n<meta property=\"og:description\" content=\"Materials: Dolomite    Granularity: D97\u00a020micron    Output: 3t\/h\" \/>\n<meta property=\"og:url\" content=\"https:\/\/www.vertical-roller-mill.com\/es\/producto\/dolomite-fine-powder-twenty-micron-fineness-roller-mill-grinding-line\/\" \/>\n<meta property=\"og:site_name\" content=\"Ring Roller Mill\" \/>\n<meta property=\"article:modified_time\" content=\"2023-08-14T03:33:20+00:00\" \/>\n<meta property=\"og:image\" content=\"https:\/\/www.vertical-roller-mill.com\/wp-content\/uploads\/2021\/01\/ac6b3c9e7e7bdbf39188d629dc59ece2.webp\" \/>\n\t<meta property=\"og:image:width\" content=\"600\" \/>\n\t<meta property=\"og:image:height\" content=\"450\" \/>\n\t<meta property=\"og:image:type\" content=\"image\/webp\" \/>\n<meta name=\"twitter:card\" content=\"summary_large_image\" \/>\n<meta name=\"twitter:label1\" content=\"Tiempo de lectura\" \/>\n\t<meta name=\"twitter:data1\" content=\"1 minuto\" \/>\n<script type=\"application\/ld+json\" class=\"yoast-schema-graph\">{\"@context\":\"https:\/\/schema.org\",\"@graph\":[{\"@type\":\"WebPage\",\"@id\":\"https:\/\/www.vertical-roller-mill.com\/product\/dolomite-fine-powder-twenty-micron-fineness-roller-mill-grinding-line\/\",\"url\":\"https:\/\/www.vertical-roller-mill.com\/product\/dolomite-fine-powder-twenty-micron-fineness-roller-mill-grinding-line\/\",\"name\":\"Dolomite Fine Powder Twenty Micron Fineness Roller Mill Grinding Line - Ring Roller Mill\",\"isPartOf\":{\"@id\":\"https:\/\/www.vertical-roller-mill.com\/#website\"},\"primaryImageOfPage\":{\"@id\":\"https:\/\/www.vertical-roller-mill.com\/product\/dolomite-fine-powder-twenty-micron-fineness-roller-mill-grinding-line\/#primaryimage\"},\"image\":{\"@id\":\"https:\/\/www.vertical-roller-mill.com\/product\/dolomite-fine-powder-twenty-micron-fineness-roller-mill-grinding-line\/#primaryimage\"},\"thumbnailUrl\":\"https:\/\/www.vertical-roller-mill.com\/wp-content\/uploads\/2021\/01\/ac6b3c9e7e7bdbf39188d629dc59ece2.webp\",\"datePublished\":\"2021-01-16T12:07:15+00:00\",\"dateModified\":\"2023-08-14T03:33:20+00:00\",\"breadcrumb\":{\"@id\":\"https:\/\/www.vertical-roller-mill.com\/product\/dolomite-fine-powder-twenty-micron-fineness-roller-mill-grinding-line\/#breadcrumb\"},\"inLanguage\":\"es\",\"potentialAction\":[{\"@type\":\"ReadAction\",\"target\":[\"https:\/\/www.vertical-roller-mill.com\/product\/dolomite-fine-powder-twenty-micron-fineness-roller-mill-grinding-line\/\"]}]},{\"@type\":\"ImageObject\",\"inLanguage\":\"es\",\"@id\":\"https:\/\/www.vertical-roller-mill.com\/product\/dolomite-fine-powder-twenty-micron-fineness-roller-mill-grinding-line\/#primaryimage\",\"url\":\"https:\/\/www.vertical-roller-mill.com\/wp-content\/uploads\/2021\/01\/ac6b3c9e7e7bdbf39188d629dc59ece2.webp\",\"contentUrl\":\"https:\/\/www.vertical-roller-mill.com\/wp-content\/uploads\/2021\/01\/ac6b3c9e7e7bdbf39188d629dc59ece2.webp\",\"width\":600,\"height\":450},{\"@type\":\"BreadcrumbList\",\"@id\":\"https:\/\/www.vertical-roller-mill.com\/product\/dolomite-fine-powder-twenty-micron-fineness-roller-mill-grinding-line\/#breadcrumb\",\"itemListElement\":[{\"@type\":\"ListItem\",\"position\":1,\"name\":\"\u9996\u9875\",\"item\":\"https:\/\/www.vertical-roller-mill.com\/\"},{\"@type\":\"ListItem\",\"position\":2,\"name\":\"Cases\",\"item\":\"https:\/\/www.vertical-roller-mill.com\/products\/\"},{\"@type\":\"ListItem\",\"position\":3,\"name\":\"Dolomite Fine Powder Twenty Micron Fineness Roller Mill Grinding Line\"}]},{\"@type\":\"WebSite\",\"@id\":\"https:\/\/www.vertical-roller-mill.com\/#website\",\"url\":\"https:\/\/www.vertical-roller-mill.com\/\",\"name\":\"Ring Roller Mill\",\"description\":\"Mineral Grinding Ring Roller Mill\",\"publisher\":{\"@id\":\"https:\/\/www.vertical-roller-mill.com\/#organization\"},\"potentialAction\":[{\"@type\":\"SearchAction\",\"target\":{\"@type\":\"EntryPoint\",\"urlTemplate\":\"https:\/\/www.vertical-roller-mill.com\/?s={search_term_string}\"},\"query-input\":{\"@type\":\"PropertyValueSpecification\",\"valueRequired\":true,\"valueName\":\"search_term_string\"}}],\"inLanguage\":\"es\"},{\"@type\":\"Organization\",\"@id\":\"https:\/\/www.vertical-roller-mill.com\/#organization\",\"name\":\"Ring Roller Mill\",\"url\":\"https:\/\/www.vertical-roller-mill.com\/\",\"logo\":{\"@type\":\"ImageObject\",\"inLanguage\":\"es\",\"@id\":\"https:\/\/www.vertical-roller-mill.com\/#\/schema\/logo\/image\/\",\"url\":\"https:\/\/www.vertical-roller-mill.com\/wp-content\/uploads\/2023\/08\/cropped-logo2.png\",\"contentUrl\":\"https:\/\/www.vertical-roller-mill.com\/wp-content\/uploads\/2023\/08\/cropped-logo2.png\",\"width\":322,\"height\":78,\"caption\":\"Ring Roller Mill\"},\"image\":{\"@id\":\"https:\/\/www.vertical-roller-mill.com\/#\/schema\/logo\/image\/\"}}]}<\/script>\n<!-- \/ Yoast SEO plugin. -->","yoast_head_json":{"title":"Dolomite Fine Powder Twenty Micron Fineness Roller Mill Grinding Line - Ring Roller Mill","robots":{"index":"index","follow":"follow","max-snippet":"max-snippet:-1","max-image-preview":"max-image-preview:large","max-video-preview":"max-video-preview:-1"},"canonical":"https:\/\/www.vertical-roller-mill.com\/es\/producto\/dolomite-fine-powder-twenty-micron-fineness-roller-mill-grinding-line\/","og_locale":"es_ES","og_type":"article","og_title":"Dolomite Fine Powder Twenty Micron Fineness Roller Mill Grinding Line - Ring Roller Mill","og_description":"Materials: Dolomite    Granularity: D97\u00a020micron    Output: 3t\/h","og_url":"https:\/\/www.vertical-roller-mill.com\/es\/producto\/dolomite-fine-powder-twenty-micron-fineness-roller-mill-grinding-line\/","og_site_name":"Ring Roller Mill","article_modified_time":"2023-08-14T03:33:20+00:00","og_image":[{"width":600,"height":450,"url":"https:\/\/www.vertical-roller-mill.com\/wp-content\/uploads\/2021\/01\/ac6b3c9e7e7bdbf39188d629dc59ece2.webp","type":"image\/webp"}],"twitter_card":"summary_large_image","twitter_misc":{"Tiempo de lectura":"1 minuto"},"schema":{"@context":"https:\/\/schema.org","@graph":[{"@type":"WebPage","@id":"https:\/\/www.vertical-roller-mill.com\/product\/dolomite-fine-powder-twenty-micron-fineness-roller-mill-grinding-line\/","url":"https:\/\/www.vertical-roller-mill.com\/product\/dolomite-fine-powder-twenty-micron-fineness-roller-mill-grinding-line\/","name":"Dolomite Fine Powder Twenty Micron Fineness Roller Mill Grinding Line - Ring Roller Mill","isPartOf":{"@id":"https:\/\/www.vertical-roller-mill.com\/#website"},"primaryImageOfPage":{"@id":"https:\/\/www.vertical-roller-mill.com\/product\/dolomite-fine-powder-twenty-micron-fineness-roller-mill-grinding-line\/#primaryimage"},"image":{"@id":"https:\/\/www.vertical-roller-mill.com\/product\/dolomite-fine-powder-twenty-micron-fineness-roller-mill-grinding-line\/#primaryimage"},"thumbnailUrl":"https:\/\/www.vertical-roller-mill.com\/wp-content\/uploads\/2021\/01\/ac6b3c9e7e7bdbf39188d629dc59ece2.webp","datePublished":"2021-01-16T12:07:15+00:00","dateModified":"2023-08-14T03:33:20+00:00","breadcrumb":{"@id":"https:\/\/www.vertical-roller-mill.com\/product\/dolomite-fine-powder-twenty-micron-fineness-roller-mill-grinding-line\/#breadcrumb"},"inLanguage":"es","potentialAction":[{"@type":"ReadAction","target":["https:\/\/www.vertical-roller-mill.com\/product\/dolomite-fine-powder-twenty-micron-fineness-roller-mill-grinding-line\/"]}]},{"@type":"ImageObject","inLanguage":"es","@id":"https:\/\/www.vertical-roller-mill.com\/product\/dolomite-fine-powder-twenty-micron-fineness-roller-mill-grinding-line\/#primaryimage","url":"https:\/\/www.vertical-roller-mill.com\/wp-content\/uploads\/2021\/01\/ac6b3c9e7e7bdbf39188d629dc59ece2.webp","contentUrl":"https:\/\/www.vertical-roller-mill.com\/wp-content\/uploads\/2021\/01\/ac6b3c9e7e7bdbf39188d629dc59ece2.webp","width":600,"height":450},{"@type":"BreadcrumbList","@id":"https:\/\/www.vertical-roller-mill.com\/product\/dolomite-fine-powder-twenty-micron-fineness-roller-mill-grinding-line\/#breadcrumb","itemListElement":[{"@type":"ListItem","position":1,"name":"\u9996\u9875","item":"https:\/\/www.vertical-roller-mill.com\/"},{"@type":"ListItem","position":2,"name":"Cases","item":"https:\/\/www.vertical-roller-mill.com\/products\/"},{"@type":"ListItem","position":3,"name":"Dolomite Fine Powder Twenty Micron Fineness Roller Mill Grinding Line"}]},{"@type":"WebSite","@id":"https:\/\/www.vertical-roller-mill.com\/#website","url":"https:\/\/www.vertical-roller-mill.com\/","name":"Ring Roller Mill","description":"Mineral Grinding Ring Roller Mill","publisher":{"@id":"https:\/\/www.vertical-roller-mill.com\/#organization"},"potentialAction":[{"@type":"SearchAction","target":{"@type":"EntryPoint","urlTemplate":"https:\/\/www.vertical-roller-mill.com\/?s={search_term_string}"},"query-input":{"@type":"PropertyValueSpecification","valueRequired":true,"valueName":"search_term_string"}}],"inLanguage":"es"},{"@type":"Organization","@id":"https:\/\/www.vertical-roller-mill.com\/#organization","name":"Ring Roller Mill","url":"https:\/\/www.vertical-roller-mill.com\/","logo":{"@type":"ImageObject","inLanguage":"es","@id":"https:\/\/www.vertical-roller-mill.com\/#\/schema\/logo\/image\/","url":"https:\/\/www.vertical-roller-mill.com\/wp-content\/uploads\/2023\/08\/cropped-logo2.png","contentUrl":"https:\/\/www.vertical-roller-mill.com\/wp-content\/uploads\/2023\/08\/cropped-logo2.png","width":322,"height":78,"caption":"Ring Roller Mill"},"image":{"@id":"https:\/\/www.vertical-roller-mill.com\/#\/schema\/logo\/image\/"}}]}},"acf":[],"_links":{"self":[{"href":"https:\/\/www.vertical-roller-mill.com\/es\/wp-json\/wp\/v2\/product\/12280","targetHints":{"allow":["GET"]}}],"collection":[{"href":"https:\/\/www.vertical-roller-mill.com\/es\/wp-json\/wp\/v2\/product"}],"about":[{"href":"https:\/\/www.vertical-roller-mill.com\/es\/wp-json\/wp\/v2\/types\/product"}],"wp:featuredmedia":[{"embeddable":true,"href":"https:\/\/www.vertical-roller-mill.com\/es\/wp-json\/wp\/v2\/media\/13638"}],"wp:attachment":[{"href":"https:\/\/www.vertical-roller-mill.com\/es\/wp-json\/wp\/v2\/media?parent=12280"}],"wp:term":[{"taxonomy":"product_cat","embeddable":true,"href":"https:\/\/www.vertical-roller-mill.com\/es\/wp-json\/wp\/v2\/product_cat?post=12280"},{"taxonomy":"product_tag","embeddable":true,"href":"https:\/\/www.vertical-roller-mill.com\/es\/wp-json\/wp\/v2\/product_tag?post=12280"}],"curies":[{"name":"wp","href":"https:\/\/api.w.org\/{rel}","templated":true}]}}