{"id":12311,"date":"2021-01-16T13:09:52","date_gmt":"2021-01-16T13:09:52","guid":{"rendered":"https:\/\/ciyashop.potenzaglobalsolutions.com\/medical\/?post_type=product&#038;p=12311"},"modified":"2023-08-14T03:30:27","modified_gmt":"2023-08-14T03:30:27","slug":"shanxi-customer-calcium-oxide-ring-roller-mill-production-line-project","status":"publish","type":"product","link":"https:\/\/www.vertical-roller-mill.com\/es\/product\/shanxi-customer-calcium-oxide-ring-roller-mill-production-line-project\/","title":{"rendered":"Proyecto de l\u00ednea de producci\u00f3n de molino de rodillos de anillo de \u00f3xido de calcio del cliente de Shanxi"},"content":{"rendered":"<p>Un grupo qu\u00edmico de carb\u00f3n en Shanxi lanz\u00f3 el molino de rodillos de anillo SRM1500 de EPIC Powder Machinery para procesar el proyecto de molienda de \u00f3xido de calcio. Ha pasado m\u00e1s de un a\u00f1o desde que se puso en producci\u00f3n con \u00e9xito. A trav\u00e9s de una visita de regreso, el cliente expres\u00f3 que est\u00e1 muy satisfecho con este molino, que no solo es rentable, tiene una producci\u00f3n alta y estable, puede satisfacer las necesidades de producci\u00f3n de la empresa, si un amigo lo necesita, recomendaremos encarecidamente nuestro equipo, agradecemos a los clientes por su apoyo y recomendaci\u00f3n.<\/p>","protected":false},"excerpt":{"rendered":"<div class=\"project-details__info-single\">\n<h5 class=\"project-details__info-client\">Materiales:<\/h5>\n<p class=\"project-details__info-name\">\u00f3xido de calcio<\/p>\n<\/div>\n<div class=\"project-details__info-single\">\n<h5 class=\"project-details__info-client\">Granularidad:<\/h5>\n<p class=\"project-details__info-name\">D90: malla 250<\/p>\n<\/div>\n<div class=\"project-details__info-single\">\n<h5 class=\"project-details__info-client\">Producci\u00f3n:<\/h5>\n<p class=\"project-details__info-name\">44 toneladas por hora<\/p>\n<\/div>","protected":false},"featured_media":13520,"template":"","meta":{"site-sidebar-layout":"default","site-content-layout":"default","ast-site-content-layout":"","site-content-style":"default","site-sidebar-style":"default","ast-global-header-display":"","ast-banner-title-visibility":"","ast-main-header-display":"","ast-hfb-above-header-display":"","ast-hfb-below-header-display":"","ast-hfb-mobile-header-display":"","site-post-title":"","ast-breadcrumbs-content":"","ast-featured-img":"","footer-sml-layout":"","theme-transparent-header-meta":"default","adv-header-id-meta":"","stick-header-meta":"default","header-above-stick-meta":"","header-main-stick-meta":"","header-below-stick-meta":"","astra-migrate-meta-layouts":"default","ast-page-background-enabled":"default","ast-page-background-meta":{"desktop":{"background-color":"","background-image":"","background-repeat":"repeat","background-position":"center center","background-size":"auto","background-attachment":"scroll","background-type":"","background-media":"","overlay-type":"","overlay-color":"","overlay-opacity":"","overlay-gradient":""},"tablet":{"background-color":"","background-image":"","background-repeat":"repeat","background-position":"center center","background-size":"auto","background-attachment":"scroll","background-type":"","background-media":"","overlay-type":"","overlay-color":"","overlay-opacity":"","overlay-gradient":""},"mobile":{"background-color":"","background-image":"","background-repeat":"repeat","background-position":"center center","background-size":"auto","background-attachment":"scroll","background-type":"","background-media":"","overlay-type":"","overlay-color":"","overlay-opacity":"","overlay-gradient":""}},"ast-content-background-meta":{"desktop":{"background-color":"var(--ast-global-color-5)","background-image":"","background-repeat":"repeat","background-position":"center center","background-size":"auto","background-attachment":"scroll","background-type":"","background-media":"","overlay-type":"","overlay-color":"","overlay-opacity":"","overlay-gradient":""},"tablet":{"background-color":"var(--ast-global-color-5)","background-image":"","background-repeat":"repeat","background-position":"center center","background-size":"auto","background-attachment":"scroll","background-type":"","background-media":"","overlay-type":"","overlay-color":"","overlay-opacity":"","overlay-gradient":""},"mobile":{"background-color":"var(--ast-global-color-5)","background-image":"","background-repeat":"repeat","background-position":"center center","background-size":"auto","background-attachment":"scroll","background-type":"","background-media":"","overlay-type":"","overlay-color":"","overlay-opacity":"","overlay-gradient":""}}},"product_cat":[24],"product_tag":[],"class_list":{"0":"post-12311","1":"product","2":"type-product","3":"status-publish","4":"has-post-thumbnail","6":"product_cat-roller-mill","7":"desktop-align-center","8":"tablet-align-center","9":"mobile-align-center","10":"ast-product-gallery-layout-horizontal-slider","11":"ast-product-gallery-with-no-image","12":"ast-product-tabs-layout-horizontal","14":"first","15":"instock","16":"shipping-taxable","17":"product-type-simple"},"yoast_head":"<!-- This site is optimized with the Yoast SEO plugin v24.4 - https:\/\/yoast.com\/wordpress\/plugins\/seo\/ -->\n<title>Shanxi customer calcium oxide ring roller mill production line project - Ring Roller Mill<\/title>\n<meta name=\"robots\" content=\"index, follow, max-snippet:-1, max-image-preview:large, max-video-preview:-1\" \/>\n<link rel=\"canonical\" href=\"https:\/\/www.vertical-roller-mill.com\/es\/producto\/shanxi-customer-calcium-oxide-ring-roller-mill-production-line-project\/\" \/>\n<meta property=\"og:locale\" content=\"es_ES\" \/>\n<meta property=\"og:type\" content=\"article\" \/>\n<meta property=\"og:title\" content=\"Shanxi customer calcium oxide ring roller mill production line project - Ring Roller Mill\" \/>\n<meta property=\"og:description\" content=\"Materials: calcium oxide    Granularity: D90:250 mesh    Output: 44t\/h\" \/>\n<meta property=\"og:url\" content=\"https:\/\/www.vertical-roller-mill.com\/es\/producto\/shanxi-customer-calcium-oxide-ring-roller-mill-production-line-project\/\" \/>\n<meta property=\"og:site_name\" content=\"Ring Roller Mill\" \/>\n<meta property=\"article:modified_time\" content=\"2023-08-14T03:30:27+00:00\" \/>\n<meta property=\"og:image\" content=\"https:\/\/www.vertical-roller-mill.com\/wp-content\/uploads\/2023\/08\/srm-anli.webp\" \/>\n\t<meta property=\"og:image:width\" content=\"450\" \/>\n\t<meta property=\"og:image:height\" content=\"600\" \/>\n\t<meta property=\"og:image:type\" content=\"image\/webp\" \/>\n<meta name=\"twitter:card\" content=\"summary_large_image\" \/>\n<script type=\"application\/ld+json\" class=\"yoast-schema-graph\">{\"@context\":\"https:\/\/schema.org\",\"@graph\":[{\"@type\":\"WebPage\",\"@id\":\"https:\/\/www.vertical-roller-mill.com\/product\/shanxi-customer-calcium-oxide-ring-roller-mill-production-line-project\/\",\"url\":\"https:\/\/www.vertical-roller-mill.com\/product\/shanxi-customer-calcium-oxide-ring-roller-mill-production-line-project\/\",\"name\":\"Shanxi customer calcium oxide ring roller mill production line project - Ring Roller Mill\",\"isPartOf\":{\"@id\":\"https:\/\/www.vertical-roller-mill.com\/#website\"},\"primaryImageOfPage\":{\"@id\":\"https:\/\/www.vertical-roller-mill.com\/product\/shanxi-customer-calcium-oxide-ring-roller-mill-production-line-project\/#primaryimage\"},\"image\":{\"@id\":\"https:\/\/www.vertical-roller-mill.com\/product\/shanxi-customer-calcium-oxide-ring-roller-mill-production-line-project\/#primaryimage\"},\"thumbnailUrl\":\"https:\/\/www.vertical-roller-mill.com\/wp-content\/uploads\/2023\/08\/srm-anli.webp\",\"datePublished\":\"2021-01-16T13:09:52+00:00\",\"dateModified\":\"2023-08-14T03:30:27+00:00\",\"breadcrumb\":{\"@id\":\"https:\/\/www.vertical-roller-mill.com\/product\/shanxi-customer-calcium-oxide-ring-roller-mill-production-line-project\/#breadcrumb\"},\"inLanguage\":\"es\",\"potentialAction\":[{\"@type\":\"ReadAction\",\"target\":[\"https:\/\/www.vertical-roller-mill.com\/product\/shanxi-customer-calcium-oxide-ring-roller-mill-production-line-project\/\"]}]},{\"@type\":\"ImageObject\",\"inLanguage\":\"es\",\"@id\":\"https:\/\/www.vertical-roller-mill.com\/product\/shanxi-customer-calcium-oxide-ring-roller-mill-production-line-project\/#primaryimage\",\"url\":\"https:\/\/www.vertical-roller-mill.com\/wp-content\/uploads\/2023\/08\/srm-anli.webp\",\"contentUrl\":\"https:\/\/www.vertical-roller-mill.com\/wp-content\/uploads\/2023\/08\/srm-anli.webp\",\"width\":450,\"height\":600,\"caption\":\"roller mill\"},{\"@type\":\"BreadcrumbList\",\"@id\":\"https:\/\/www.vertical-roller-mill.com\/product\/shanxi-customer-calcium-oxide-ring-roller-mill-production-line-project\/#breadcrumb\",\"itemListElement\":[{\"@type\":\"ListItem\",\"position\":1,\"name\":\"\u9996\u9875\",\"item\":\"https:\/\/www.vertical-roller-mill.com\/\"},{\"@type\":\"ListItem\",\"position\":2,\"name\":\"Cases\",\"item\":\"https:\/\/www.vertical-roller-mill.com\/products\/\"},{\"@type\":\"ListItem\",\"position\":3,\"name\":\"Shanxi customer calcium oxide ring roller mill production line project\"}]},{\"@type\":\"WebSite\",\"@id\":\"https:\/\/www.vertical-roller-mill.com\/#website\",\"url\":\"https:\/\/www.vertical-roller-mill.com\/\",\"name\":\"Ring Roller Mill\",\"description\":\"Mineral Grinding Ring Roller Mill\",\"publisher\":{\"@id\":\"https:\/\/www.vertical-roller-mill.com\/#organization\"},\"potentialAction\":[{\"@type\":\"SearchAction\",\"target\":{\"@type\":\"EntryPoint\",\"urlTemplate\":\"https:\/\/www.vertical-roller-mill.com\/?s={search_term_string}\"},\"query-input\":{\"@type\":\"PropertyValueSpecification\",\"valueRequired\":true,\"valueName\":\"search_term_string\"}}],\"inLanguage\":\"es\"},{\"@type\":\"Organization\",\"@id\":\"https:\/\/www.vertical-roller-mill.com\/#organization\",\"name\":\"Ring Roller Mill\",\"url\":\"https:\/\/www.vertical-roller-mill.com\/\",\"logo\":{\"@type\":\"ImageObject\",\"inLanguage\":\"es\",\"@id\":\"https:\/\/www.vertical-roller-mill.com\/#\/schema\/logo\/image\/\",\"url\":\"https:\/\/www.vertical-roller-mill.com\/wp-content\/uploads\/2023\/08\/cropped-logo2.png\",\"contentUrl\":\"https:\/\/www.vertical-roller-mill.com\/wp-content\/uploads\/2023\/08\/cropped-logo2.png\",\"width\":322,\"height\":78,\"caption\":\"Ring Roller Mill\"},\"image\":{\"@id\":\"https:\/\/www.vertical-roller-mill.com\/#\/schema\/logo\/image\/\"}}]}<\/script>\n<!-- \/ Yoast SEO plugin. -->","yoast_head_json":{"title":"Shanxi customer calcium oxide ring roller mill production line project - Ring Roller Mill","robots":{"index":"index","follow":"follow","max-snippet":"max-snippet:-1","max-image-preview":"max-image-preview:large","max-video-preview":"max-video-preview:-1"},"canonical":"https:\/\/www.vertical-roller-mill.com\/es\/producto\/shanxi-customer-calcium-oxide-ring-roller-mill-production-line-project\/","og_locale":"es_ES","og_type":"article","og_title":"Shanxi customer calcium oxide ring roller mill production line project - Ring Roller Mill","og_description":"Materials: calcium oxide    Granularity: D90:250 mesh    Output: 44t\/h","og_url":"https:\/\/www.vertical-roller-mill.com\/es\/producto\/shanxi-customer-calcium-oxide-ring-roller-mill-production-line-project\/","og_site_name":"Ring Roller Mill","article_modified_time":"2023-08-14T03:30:27+00:00","og_image":[{"width":450,"height":600,"url":"https:\/\/www.vertical-roller-mill.com\/wp-content\/uploads\/2023\/08\/srm-anli.webp","type":"image\/webp"}],"twitter_card":"summary_large_image","schema":{"@context":"https:\/\/schema.org","@graph":[{"@type":"WebPage","@id":"https:\/\/www.vertical-roller-mill.com\/product\/shanxi-customer-calcium-oxide-ring-roller-mill-production-line-project\/","url":"https:\/\/www.vertical-roller-mill.com\/product\/shanxi-customer-calcium-oxide-ring-roller-mill-production-line-project\/","name":"Shanxi customer calcium oxide ring roller mill production line project - Ring Roller Mill","isPartOf":{"@id":"https:\/\/www.vertical-roller-mill.com\/#website"},"primaryImageOfPage":{"@id":"https:\/\/www.vertical-roller-mill.com\/product\/shanxi-customer-calcium-oxide-ring-roller-mill-production-line-project\/#primaryimage"},"image":{"@id":"https:\/\/www.vertical-roller-mill.com\/product\/shanxi-customer-calcium-oxide-ring-roller-mill-production-line-project\/#primaryimage"},"thumbnailUrl":"https:\/\/www.vertical-roller-mill.com\/wp-content\/uploads\/2023\/08\/srm-anli.webp","datePublished":"2021-01-16T13:09:52+00:00","dateModified":"2023-08-14T03:30:27+00:00","breadcrumb":{"@id":"https:\/\/www.vertical-roller-mill.com\/product\/shanxi-customer-calcium-oxide-ring-roller-mill-production-line-project\/#breadcrumb"},"inLanguage":"es","potentialAction":[{"@type":"ReadAction","target":["https:\/\/www.vertical-roller-mill.com\/product\/shanxi-customer-calcium-oxide-ring-roller-mill-production-line-project\/"]}]},{"@type":"ImageObject","inLanguage":"es","@id":"https:\/\/www.vertical-roller-mill.com\/product\/shanxi-customer-calcium-oxide-ring-roller-mill-production-line-project\/#primaryimage","url":"https:\/\/www.vertical-roller-mill.com\/wp-content\/uploads\/2023\/08\/srm-anli.webp","contentUrl":"https:\/\/www.vertical-roller-mill.com\/wp-content\/uploads\/2023\/08\/srm-anli.webp","width":450,"height":600,"caption":"roller mill"},{"@type":"BreadcrumbList","@id":"https:\/\/www.vertical-roller-mill.com\/product\/shanxi-customer-calcium-oxide-ring-roller-mill-production-line-project\/#breadcrumb","itemListElement":[{"@type":"ListItem","position":1,"name":"\u9996\u9875","item":"https:\/\/www.vertical-roller-mill.com\/"},{"@type":"ListItem","position":2,"name":"Cases","item":"https:\/\/www.vertical-roller-mill.com\/products\/"},{"@type":"ListItem","position":3,"name":"Shanxi customer calcium oxide ring roller mill production line project"}]},{"@type":"WebSite","@id":"https:\/\/www.vertical-roller-mill.com\/#website","url":"https:\/\/www.vertical-roller-mill.com\/","name":"Ring Roller Mill","description":"Mineral Grinding Ring Roller Mill","publisher":{"@id":"https:\/\/www.vertical-roller-mill.com\/#organization"},"potentialAction":[{"@type":"SearchAction","target":{"@type":"EntryPoint","urlTemplate":"https:\/\/www.vertical-roller-mill.com\/?s={search_term_string}"},"query-input":{"@type":"PropertyValueSpecification","valueRequired":true,"valueName":"search_term_string"}}],"inLanguage":"es"},{"@type":"Organization","@id":"https:\/\/www.vertical-roller-mill.com\/#organization","name":"Ring Roller Mill","url":"https:\/\/www.vertical-roller-mill.com\/","logo":{"@type":"ImageObject","inLanguage":"es","@id":"https:\/\/www.vertical-roller-mill.com\/#\/schema\/logo\/image\/","url":"https:\/\/www.vertical-roller-mill.com\/wp-content\/uploads\/2023\/08\/cropped-logo2.png","contentUrl":"https:\/\/www.vertical-roller-mill.com\/wp-content\/uploads\/2023\/08\/cropped-logo2.png","width":322,"height":78,"caption":"Ring Roller Mill"},"image":{"@id":"https:\/\/www.vertical-roller-mill.com\/#\/schema\/logo\/image\/"}}]}},"acf":[],"_links":{"self":[{"href":"https:\/\/www.vertical-roller-mill.com\/es\/wp-json\/wp\/v2\/product\/12311","targetHints":{"allow":["GET"]}}],"collection":[{"href":"https:\/\/www.vertical-roller-mill.com\/es\/wp-json\/wp\/v2\/product"}],"about":[{"href":"https:\/\/www.vertical-roller-mill.com\/es\/wp-json\/wp\/v2\/types\/product"}],"wp:featuredmedia":[{"embeddable":true,"href":"https:\/\/www.vertical-roller-mill.com\/es\/wp-json\/wp\/v2\/media\/13520"}],"wp:attachment":[{"href":"https:\/\/www.vertical-roller-mill.com\/es\/wp-json\/wp\/v2\/media?parent=12311"}],"wp:term":[{"taxonomy":"product_cat","embeddable":true,"href":"https:\/\/www.vertical-roller-mill.com\/es\/wp-json\/wp\/v2\/product_cat?post=12311"},{"taxonomy":"product_tag","embeddable":true,"href":"https:\/\/www.vertical-roller-mill.com\/es\/wp-json\/wp\/v2\/product_tag?post=12311"}],"curies":[{"name":"wp","href":"https:\/\/api.w.org\/{rel}","templated":true}]}}