{"id":12207,"date":"2021-01-16T10:51:23","date_gmt":"2021-01-16T10:51:23","guid":{"rendered":"https:\/\/ciyashop.potenzaglobalsolutions.com\/medical\/?post_type=product&#038;p=12207"},"modified":"2023-08-14T03:34:01","modified_gmt":"2023-08-14T03:34:01","slug":"a-mining-company-in-turkey-produces-calcite-purchased-and-established-a-a-mining-company-in-turkey","status":"publish","type":"product","link":"https:\/\/www.vertical-roller-mill.com\/fr\/product\/a-mining-company-in-turkey-produces-calcite-purchased-and-established-a-a-mining-company-in-turkey\/","title":{"rendered":"Une soci\u00e9t\u00e9 mini\u00e8re en Turquie produit de la calcite, a achet\u00e9 et cr\u00e9\u00e9 une soci\u00e9t\u00e9 mini\u00e8re en Turquie"},"content":{"rendered":"<p>Une soci\u00e9t\u00e9 mini\u00e8re en Turquie produit de la calcite, a achet\u00e9 et mis en place un syst\u00e8me de production de broyeur \u00e0 anneaux et de classificateur. Les exigences sp\u00e9cifiques sont les suivantes :<br \/>\nNom du mat\u00e9riau : Calcite<br \/>\nTaille des particules d&#039;aliments : 10 mm<br \/>\nTaille des particules : D97 10 microns<br \/>\nRendement unitaire : 2 tonnes\/heure<\/p>\n<p>La calcite est un min\u00e9ral de carbonate de calcium, qui est g\u00e9n\u00e9ralement utilis\u00e9 pour les produits chimiques, le ciment et d&#039;autres mati\u00e8res premi\u00e8res industrielles. La calcite est utilis\u00e9e comme fondant dans l&#039;industrie m\u00e9tallurgique et est utilis\u00e9e dans l&#039;industrie de la construction pour produire du ciment et de la chaux. \u00c9galement utilis\u00e9 dans le plastique, le papier, le dentifrice. Alimentaire comme additif de remplissage. Lorsque la calcite est ajout\u00e9e \u00e0 la production de verre, le verre obtenu deviendra translucide, particuli\u00e8rement adapt\u00e9 \u00e0 la fabrication d&#039;abat-jour en verre. 1. Traite l&#039;ost\u00e9oporose, pr\u00e9vient l&#039;art\u00e9rioscl\u00e9rose, la perte de m\u00e9moire, \u00e9limine les odeurs et l&#039;humidit\u00e9. 2. Il peut filtrer l&#039;odeur de l&#039;air et est un c\u00e9l\u00e8bre \u00ab ma\u00eetre des ar\u00f4mes \u00bb<\/p>","protected":false},"excerpt":{"rendered":"<div class=\"project-details__info-single\">\n<h5 class=\"project-details__info-client\">Mat\u00e9riels:<\/h5>\n<p class=\"project-details__info-name\">Calcite<\/p>\n<\/div>\n<div class=\"project-details__info-single\">\n<h5 class=\"project-details__info-client\">Granularit\u00e9 :<\/h5>\n<p class=\"project-details__info-name\">D97 10 microns<\/p>\n<\/div>\n<div class=\"project-details__info-single\">\n<h5 class=\"project-details__info-client\">Sortir:<\/h5>\n<p class=\"project-details__info-name\">2 tonnes\/heure<\/p>\n<\/div>","protected":false},"featured_media":13641,"template":"","meta":{"site-sidebar-layout":"default","site-content-layout":"default","ast-site-content-layout":"","site-content-style":"default","site-sidebar-style":"default","ast-global-header-display":"","ast-banner-title-visibility":"","ast-main-header-display":"","ast-hfb-above-header-display":"","ast-hfb-below-header-display":"","ast-hfb-mobile-header-display":"","site-post-title":"","ast-breadcrumbs-content":"","ast-featured-img":"","footer-sml-layout":"","theme-transparent-header-meta":"default","adv-header-id-meta":"","stick-header-meta":"default","header-above-stick-meta":"","header-main-stick-meta":"","header-below-stick-meta":"","astra-migrate-meta-layouts":"default","ast-page-background-enabled":"default","ast-page-background-meta":{"desktop":{"background-color":"","background-image":"","background-repeat":"repeat","background-position":"center center","background-size":"auto","background-attachment":"scroll","background-type":"","background-media":"","overlay-type":"","overlay-color":"","overlay-opacity":"","overlay-gradient":""},"tablet":{"background-color":"","background-image":"","background-repeat":"repeat","background-position":"center center","background-size":"auto","background-attachment":"scroll","background-type":"","background-media":"","overlay-type":"","overlay-color":"","overlay-opacity":"","overlay-gradient":""},"mobile":{"background-color":"","background-image":"","background-repeat":"repeat","background-position":"center center","background-size":"auto","background-attachment":"scroll","background-type":"","background-media":"","overlay-type":"","overlay-color":"","overlay-opacity":"","overlay-gradient":""}},"ast-content-background-meta":{"desktop":{"background-color":"var(--ast-global-color-5)","background-image":"","background-repeat":"repeat","background-position":"center center","background-size":"auto","background-attachment":"scroll","background-type":"","background-media":"","overlay-type":"","overlay-color":"","overlay-opacity":"","overlay-gradient":""},"tablet":{"background-color":"var(--ast-global-color-5)","background-image":"","background-repeat":"repeat","background-position":"center center","background-size":"auto","background-attachment":"scroll","background-type":"","background-media":"","overlay-type":"","overlay-color":"","overlay-opacity":"","overlay-gradient":""},"mobile":{"background-color":"var(--ast-global-color-5)","background-image":"","background-repeat":"repeat","background-position":"center center","background-size":"auto","background-attachment":"scroll","background-type":"","background-media":"","overlay-type":"","overlay-color":"","overlay-opacity":"","overlay-gradient":""}}},"product_cat":[24],"product_tag":[],"class_list":{"0":"post-12207","1":"product","2":"type-product","3":"status-publish","4":"has-post-thumbnail","6":"product_cat-roller-mill","7":"desktop-align-center","8":"tablet-align-center","9":"mobile-align-center","10":"ast-product-gallery-layout-horizontal-slider","11":"ast-product-gallery-with-no-image","12":"ast-product-tabs-layout-horizontal","14":"first","15":"instock","16":"shipping-taxable","17":"product-type-simple"},"yoast_head":"<!-- This site is optimized with the Yoast SEO plugin v24.4 - https:\/\/yoast.com\/wordpress\/plugins\/seo\/ -->\n<title>A mining company in Turkey produces calcite, purchased and established a A mining company in Turkey - Ring Roller Mill<\/title>\n<meta name=\"robots\" content=\"index, follow, max-snippet:-1, max-image-preview:large, max-video-preview:-1\" \/>\n<link rel=\"canonical\" href=\"https:\/\/www.vertical-roller-mill.com\/fr\/produit\/a-mining-company-in-turkey-produces-calcite-purchased-and-established-a-a-mining-company-in-turkey\/\" \/>\n<meta property=\"og:locale\" content=\"fr_FR\" \/>\n<meta property=\"og:type\" content=\"article\" \/>\n<meta property=\"og:title\" content=\"A mining company in Turkey produces calcite, purchased and established a A mining company in Turkey - Ring Roller Mill\" \/>\n<meta property=\"og:description\" content=\"Materials: Calcite    Granularity: D97 10 microns    Output: 2 tons\/hour\" \/>\n<meta property=\"og:url\" content=\"https:\/\/www.vertical-roller-mill.com\/fr\/produit\/a-mining-company-in-turkey-produces-calcite-purchased-and-established-a-a-mining-company-in-turkey\/\" \/>\n<meta property=\"og:site_name\" content=\"Ring Roller Mill\" \/>\n<meta property=\"article:modified_time\" content=\"2023-08-14T03:34:01+00:00\" \/>\n<meta property=\"og:image\" content=\"https:\/\/www.vertical-roller-mill.com\/wp-content\/uploads\/2021\/01\/2d7038f7b6fe1008a499ce7803914a4f.webp\" \/>\n\t<meta property=\"og:image:width\" content=\"600\" \/>\n\t<meta property=\"og:image:height\" content=\"450\" \/>\n\t<meta property=\"og:image:type\" content=\"image\/webp\" \/>\n<meta name=\"twitter:card\" content=\"summary_large_image\" \/>\n<meta name=\"twitter:label1\" content=\"Dur\u00e9e de lecture estim\u00e9e\" \/>\n\t<meta name=\"twitter:data1\" content=\"1 minute\" \/>\n<script type=\"application\/ld+json\" class=\"yoast-schema-graph\">{\"@context\":\"https:\/\/schema.org\",\"@graph\":[{\"@type\":\"WebPage\",\"@id\":\"https:\/\/www.vertical-roller-mill.com\/product\/a-mining-company-in-turkey-produces-calcite-purchased-and-established-a-a-mining-company-in-turkey\/\",\"url\":\"https:\/\/www.vertical-roller-mill.com\/product\/a-mining-company-in-turkey-produces-calcite-purchased-and-established-a-a-mining-company-in-turkey\/\",\"name\":\"A mining company in Turkey produces calcite, purchased and established a A mining company in Turkey - Ring Roller Mill\",\"isPartOf\":{\"@id\":\"https:\/\/www.vertical-roller-mill.com\/#website\"},\"primaryImageOfPage\":{\"@id\":\"https:\/\/www.vertical-roller-mill.com\/product\/a-mining-company-in-turkey-produces-calcite-purchased-and-established-a-a-mining-company-in-turkey\/#primaryimage\"},\"image\":{\"@id\":\"https:\/\/www.vertical-roller-mill.com\/product\/a-mining-company-in-turkey-produces-calcite-purchased-and-established-a-a-mining-company-in-turkey\/#primaryimage\"},\"thumbnailUrl\":\"https:\/\/www.vertical-roller-mill.com\/wp-content\/uploads\/2021\/01\/2d7038f7b6fe1008a499ce7803914a4f.webp\",\"datePublished\":\"2021-01-16T10:51:23+00:00\",\"dateModified\":\"2023-08-14T03:34:01+00:00\",\"breadcrumb\":{\"@id\":\"https:\/\/www.vertical-roller-mill.com\/product\/a-mining-company-in-turkey-produces-calcite-purchased-and-established-a-a-mining-company-in-turkey\/#breadcrumb\"},\"inLanguage\":\"fr-FR\",\"potentialAction\":[{\"@type\":\"ReadAction\",\"target\":[\"https:\/\/www.vertical-roller-mill.com\/product\/a-mining-company-in-turkey-produces-calcite-purchased-and-established-a-a-mining-company-in-turkey\/\"]}]},{\"@type\":\"ImageObject\",\"inLanguage\":\"fr-FR\",\"@id\":\"https:\/\/www.vertical-roller-mill.com\/product\/a-mining-company-in-turkey-produces-calcite-purchased-and-established-a-a-mining-company-in-turkey\/#primaryimage\",\"url\":\"https:\/\/www.vertical-roller-mill.com\/wp-content\/uploads\/2021\/01\/2d7038f7b6fe1008a499ce7803914a4f.webp\",\"contentUrl\":\"https:\/\/www.vertical-roller-mill.com\/wp-content\/uploads\/2021\/01\/2d7038f7b6fe1008a499ce7803914a4f.webp\",\"width\":600,\"height\":450},{\"@type\":\"BreadcrumbList\",\"@id\":\"https:\/\/www.vertical-roller-mill.com\/product\/a-mining-company-in-turkey-produces-calcite-purchased-and-established-a-a-mining-company-in-turkey\/#breadcrumb\",\"itemListElement\":[{\"@type\":\"ListItem\",\"position\":1,\"name\":\"\u9996\u9875\",\"item\":\"https:\/\/www.vertical-roller-mill.com\/\"},{\"@type\":\"ListItem\",\"position\":2,\"name\":\"Cases\",\"item\":\"https:\/\/www.vertical-roller-mill.com\/products\/\"},{\"@type\":\"ListItem\",\"position\":3,\"name\":\"A mining company in Turkey produces calcite, purchased and established a A mining company in Turkey\"}]},{\"@type\":\"WebSite\",\"@id\":\"https:\/\/www.vertical-roller-mill.com\/#website\",\"url\":\"https:\/\/www.vertical-roller-mill.com\/\",\"name\":\"Ring Roller Mill\",\"description\":\"Mineral Grinding Ring Roller Mill\",\"publisher\":{\"@id\":\"https:\/\/www.vertical-roller-mill.com\/#organization\"},\"potentialAction\":[{\"@type\":\"SearchAction\",\"target\":{\"@type\":\"EntryPoint\",\"urlTemplate\":\"https:\/\/www.vertical-roller-mill.com\/?s={search_term_string}\"},\"query-input\":{\"@type\":\"PropertyValueSpecification\",\"valueRequired\":true,\"valueName\":\"search_term_string\"}}],\"inLanguage\":\"fr-FR\"},{\"@type\":\"Organization\",\"@id\":\"https:\/\/www.vertical-roller-mill.com\/#organization\",\"name\":\"Ring Roller Mill\",\"url\":\"https:\/\/www.vertical-roller-mill.com\/\",\"logo\":{\"@type\":\"ImageObject\",\"inLanguage\":\"fr-FR\",\"@id\":\"https:\/\/www.vertical-roller-mill.com\/#\/schema\/logo\/image\/\",\"url\":\"https:\/\/www.vertical-roller-mill.com\/wp-content\/uploads\/2023\/08\/cropped-logo2.png\",\"contentUrl\":\"https:\/\/www.vertical-roller-mill.com\/wp-content\/uploads\/2023\/08\/cropped-logo2.png\",\"width\":322,\"height\":78,\"caption\":\"Ring Roller Mill\"},\"image\":{\"@id\":\"https:\/\/www.vertical-roller-mill.com\/#\/schema\/logo\/image\/\"}}]}<\/script>\n<!-- \/ Yoast SEO plugin. -->","yoast_head_json":{"title":"A mining company in Turkey produces calcite, purchased and established a A mining company in Turkey - Ring Roller Mill","robots":{"index":"index","follow":"follow","max-snippet":"max-snippet:-1","max-image-preview":"max-image-preview:large","max-video-preview":"max-video-preview:-1"},"canonical":"https:\/\/www.vertical-roller-mill.com\/fr\/produit\/a-mining-company-in-turkey-produces-calcite-purchased-and-established-a-a-mining-company-in-turkey\/","og_locale":"fr_FR","og_type":"article","og_title":"A mining company in Turkey produces calcite, purchased and established a A mining company in Turkey - Ring Roller Mill","og_description":"Materials: Calcite    Granularity: D97 10 microns    Output: 2 tons\/hour","og_url":"https:\/\/www.vertical-roller-mill.com\/fr\/produit\/a-mining-company-in-turkey-produces-calcite-purchased-and-established-a-a-mining-company-in-turkey\/","og_site_name":"Ring Roller Mill","article_modified_time":"2023-08-14T03:34:01+00:00","og_image":[{"width":600,"height":450,"url":"https:\/\/www.vertical-roller-mill.com\/wp-content\/uploads\/2021\/01\/2d7038f7b6fe1008a499ce7803914a4f.webp","type":"image\/webp"}],"twitter_card":"summary_large_image","twitter_misc":{"Dur\u00e9e de lecture estim\u00e9e":"1 minute"},"schema":{"@context":"https:\/\/schema.org","@graph":[{"@type":"WebPage","@id":"https:\/\/www.vertical-roller-mill.com\/product\/a-mining-company-in-turkey-produces-calcite-purchased-and-established-a-a-mining-company-in-turkey\/","url":"https:\/\/www.vertical-roller-mill.com\/product\/a-mining-company-in-turkey-produces-calcite-purchased-and-established-a-a-mining-company-in-turkey\/","name":"A mining company in Turkey produces calcite, purchased and established a A mining company in Turkey - Ring Roller Mill","isPartOf":{"@id":"https:\/\/www.vertical-roller-mill.com\/#website"},"primaryImageOfPage":{"@id":"https:\/\/www.vertical-roller-mill.com\/product\/a-mining-company-in-turkey-produces-calcite-purchased-and-established-a-a-mining-company-in-turkey\/#primaryimage"},"image":{"@id":"https:\/\/www.vertical-roller-mill.com\/product\/a-mining-company-in-turkey-produces-calcite-purchased-and-established-a-a-mining-company-in-turkey\/#primaryimage"},"thumbnailUrl":"https:\/\/www.vertical-roller-mill.com\/wp-content\/uploads\/2021\/01\/2d7038f7b6fe1008a499ce7803914a4f.webp","datePublished":"2021-01-16T10:51:23+00:00","dateModified":"2023-08-14T03:34:01+00:00","breadcrumb":{"@id":"https:\/\/www.vertical-roller-mill.com\/product\/a-mining-company-in-turkey-produces-calcite-purchased-and-established-a-a-mining-company-in-turkey\/#breadcrumb"},"inLanguage":"fr-FR","potentialAction":[{"@type":"ReadAction","target":["https:\/\/www.vertical-roller-mill.com\/product\/a-mining-company-in-turkey-produces-calcite-purchased-and-established-a-a-mining-company-in-turkey\/"]}]},{"@type":"ImageObject","inLanguage":"fr-FR","@id":"https:\/\/www.vertical-roller-mill.com\/product\/a-mining-company-in-turkey-produces-calcite-purchased-and-established-a-a-mining-company-in-turkey\/#primaryimage","url":"https:\/\/www.vertical-roller-mill.com\/wp-content\/uploads\/2021\/01\/2d7038f7b6fe1008a499ce7803914a4f.webp","contentUrl":"https:\/\/www.vertical-roller-mill.com\/wp-content\/uploads\/2021\/01\/2d7038f7b6fe1008a499ce7803914a4f.webp","width":600,"height":450},{"@type":"BreadcrumbList","@id":"https:\/\/www.vertical-roller-mill.com\/product\/a-mining-company-in-turkey-produces-calcite-purchased-and-established-a-a-mining-company-in-turkey\/#breadcrumb","itemListElement":[{"@type":"ListItem","position":1,"name":"\u9996\u9875","item":"https:\/\/www.vertical-roller-mill.com\/"},{"@type":"ListItem","position":2,"name":"Cases","item":"https:\/\/www.vertical-roller-mill.com\/products\/"},{"@type":"ListItem","position":3,"name":"A mining company in Turkey produces calcite, purchased and established a A mining company in Turkey"}]},{"@type":"WebSite","@id":"https:\/\/www.vertical-roller-mill.com\/#website","url":"https:\/\/www.vertical-roller-mill.com\/","name":"Ring Roller Mill","description":"Mineral Grinding Ring Roller Mill","publisher":{"@id":"https:\/\/www.vertical-roller-mill.com\/#organization"},"potentialAction":[{"@type":"SearchAction","target":{"@type":"EntryPoint","urlTemplate":"https:\/\/www.vertical-roller-mill.com\/?s={search_term_string}"},"query-input":{"@type":"PropertyValueSpecification","valueRequired":true,"valueName":"search_term_string"}}],"inLanguage":"fr-FR"},{"@type":"Organization","@id":"https:\/\/www.vertical-roller-mill.com\/#organization","name":"Ring Roller Mill","url":"https:\/\/www.vertical-roller-mill.com\/","logo":{"@type":"ImageObject","inLanguage":"fr-FR","@id":"https:\/\/www.vertical-roller-mill.com\/#\/schema\/logo\/image\/","url":"https:\/\/www.vertical-roller-mill.com\/wp-content\/uploads\/2023\/08\/cropped-logo2.png","contentUrl":"https:\/\/www.vertical-roller-mill.com\/wp-content\/uploads\/2023\/08\/cropped-logo2.png","width":322,"height":78,"caption":"Ring Roller Mill"},"image":{"@id":"https:\/\/www.vertical-roller-mill.com\/#\/schema\/logo\/image\/"}}]}},"acf":[],"_links":{"self":[{"href":"https:\/\/www.vertical-roller-mill.com\/fr\/wp-json\/wp\/v2\/product\/12207","targetHints":{"allow":["GET"]}}],"collection":[{"href":"https:\/\/www.vertical-roller-mill.com\/fr\/wp-json\/wp\/v2\/product"}],"about":[{"href":"https:\/\/www.vertical-roller-mill.com\/fr\/wp-json\/wp\/v2\/types\/product"}],"wp:featuredmedia":[{"embeddable":true,"href":"https:\/\/www.vertical-roller-mill.com\/fr\/wp-json\/wp\/v2\/media\/13641"}],"wp:attachment":[{"href":"https:\/\/www.vertical-roller-mill.com\/fr\/wp-json\/wp\/v2\/media?parent=12207"}],"wp:term":[{"taxonomy":"product_cat","embeddable":true,"href":"https:\/\/www.vertical-roller-mill.com\/fr\/wp-json\/wp\/v2\/product_cat?post=12207"},{"taxonomy":"product_tag","embeddable":true,"href":"https:\/\/www.vertical-roller-mill.com\/fr\/wp-json\/wp\/v2\/product_tag?post=12207"}],"curies":[{"name":"wp","href":"https:\/\/api.w.org\/{rel}","templated":true}]}}