{"id":12276,"date":"2021-01-16T12:02:37","date_gmt":"2021-01-16T12:02:37","guid":{"rendered":"https:\/\/ciyashop.potenzaglobalsolutions.com\/medical\/?post_type=product&#038;p=12276"},"modified":"2023-08-14T03:33:39","modified_gmt":"2023-08-14T03:33:39","slug":"an-industrial-company-in-saudi-arabia-need-petroleum-coke-powder-and-purchased-and-established-a-rin","status":"publish","type":"product","link":"https:\/\/www.vertical-roller-mill.com\/fr\/product\/an-industrial-company-in-saudi-arabia-need-petroleum-coke-powder-and-purchased-and-established-a-rin\/","title":{"rendered":"Une entreprise industrielle en Arabie Saoudite avait besoin de poudre de coke de p\u00e9trole et a achet\u00e9 et mis en place une usine"},"content":{"rendered":"<p>Une entreprise industrielle en Arabie Saoudite a besoin de poudre de coke de p\u00e9trole et a achet\u00e9 et mis en place un syst\u00e8me de production de broyeur \u00e0 anneaux et de classificateur. Les exigences sp\u00e9cifiques sont les suivantes :<br \/>\nNom du mat\u00e9riau : Coke de p\u00e9trole<br \/>\nTaille des particules d&#039;alimentation : 3 mm<br \/>\nTaille des particules du produit : D97 20 um<br \/>\nRendement unitaire : 1 t\/h<\/p>\n<p>Le coke de p\u00e9trole est un coke solide noir produit par craquage et cok\u00e9faction. Selon sa qualit\u00e9, le coke de p\u00e9trole peut \u00eatre utilis\u00e9 dans des industries telles que le graphite, la fonderie et l&#039;industrie chimique. Le coke cuit \u00e0 faible teneur en soufre et de haute qualit\u00e9, tel que le coke en aiguilles, est principalement utilis\u00e9 dans la fabrication d&#039;\u00e9lectrodes en graphite \u00e0 tr\u00e8s haute puissance et de certains produits sp\u00e9ciaux en carbone ; dans l&#039;industrie sid\u00e9rurgique, le coke en aiguilles est un mat\u00e9riau important pour le d\u00e9veloppement de nouvelles technologies de fabrication d&#039;acier au four \u00e9lectrique. Le coke cuit ordinaire \u00e0 teneur moyenne en soufre est utilis\u00e9 en grande quantit\u00e9 pour la fusion de l&#039;aluminium. Le coke vert ordinaire \u00e0 haute teneur en soufre est utilis\u00e9 dans la production chimique, comme la fabrication de carbure de calcium, de carbure de silicium, etc., et \u00e9galement utilis\u00e9 comme combustible pour la coul\u00e9e des m\u00e9taux.<\/p>","protected":false},"excerpt":{"rendered":"<div class=\"project-details__info-single\">\n<h5 class=\"project-details__info-client\">Mat\u00e9riels:<\/h5>\n<p class=\"project-details__info-name\">Coke de p\u00e9trole<\/p>\n<\/div>\n<div class=\"project-details__info-single\">\n<h5 class=\"project-details__info-client\">Granularit\u00e9 :<\/h5>\n<p class=\"project-details__info-name\">D97 20 um<\/p>\n<\/div>\n<div class=\"project-details__info-single\">\n<h5 class=\"project-details__info-client\">Sortir:<\/h5>\n<p class=\"project-details__info-name\">1 t\/h<\/p>\n<\/div>","protected":false},"featured_media":13605,"template":"","meta":{"site-sidebar-layout":"default","site-content-layout":"default","ast-site-content-layout":"","site-content-style":"default","site-sidebar-style":"default","ast-global-header-display":"","ast-banner-title-visibility":"","ast-main-header-display":"","ast-hfb-above-header-display":"","ast-hfb-below-header-display":"","ast-hfb-mobile-header-display":"","site-post-title":"","ast-breadcrumbs-content":"","ast-featured-img":"","footer-sml-layout":"","theme-transparent-header-meta":"default","adv-header-id-meta":"","stick-header-meta":"default","header-above-stick-meta":"","header-main-stick-meta":"","header-below-stick-meta":"","astra-migrate-meta-layouts":"default","ast-page-background-enabled":"default","ast-page-background-meta":{"desktop":{"background-color":"","background-image":"","background-repeat":"repeat","background-position":"center center","background-size":"auto","background-attachment":"scroll","background-type":"","background-media":"","overlay-type":"","overlay-color":"","overlay-opacity":"","overlay-gradient":""},"tablet":{"background-color":"","background-image":"","background-repeat":"repeat","background-position":"center center","background-size":"auto","background-attachment":"scroll","background-type":"","background-media":"","overlay-type":"","overlay-color":"","overlay-opacity":"","overlay-gradient":""},"mobile":{"background-color":"","background-image":"","background-repeat":"repeat","background-position":"center center","background-size":"auto","background-attachment":"scroll","background-type":"","background-media":"","overlay-type":"","overlay-color":"","overlay-opacity":"","overlay-gradient":""}},"ast-content-background-meta":{"desktop":{"background-color":"var(--ast-global-color-5)","background-image":"","background-repeat":"repeat","background-position":"center center","background-size":"auto","background-attachment":"scroll","background-type":"","background-media":"","overlay-type":"","overlay-color":"","overlay-opacity":"","overlay-gradient":""},"tablet":{"background-color":"var(--ast-global-color-5)","background-image":"","background-repeat":"repeat","background-position":"center center","background-size":"auto","background-attachment":"scroll","background-type":"","background-media":"","overlay-type":"","overlay-color":"","overlay-opacity":"","overlay-gradient":""},"mobile":{"background-color":"var(--ast-global-color-5)","background-image":"","background-repeat":"repeat","background-position":"center center","background-size":"auto","background-attachment":"scroll","background-type":"","background-media":"","overlay-type":"","overlay-color":"","overlay-opacity":"","overlay-gradient":""}}},"product_cat":[24],"product_tag":[],"class_list":{"0":"post-12276","1":"product","2":"type-product","3":"status-publish","4":"has-post-thumbnail","6":"product_cat-roller-mill","7":"desktop-align-center","8":"tablet-align-center","9":"mobile-align-center","10":"ast-product-gallery-layout-horizontal-slider","11":"ast-product-gallery-with-no-image","12":"ast-product-tabs-layout-horizontal","14":"first","15":"instock","16":"shipping-taxable","17":"product-type-simple"},"yoast_head":"<!-- This site is optimized with the Yoast SEO plugin v24.4 - https:\/\/yoast.com\/wordpress\/plugins\/seo\/ -->\n<title>An industrial company in Saudi Arabia need petroleum coke powder and purchased and established a rin - Ring Roller Mill<\/title>\n<meta name=\"robots\" content=\"index, follow, max-snippet:-1, max-image-preview:large, max-video-preview:-1\" \/>\n<link rel=\"canonical\" href=\"https:\/\/www.vertical-roller-mill.com\/fr\/produit\/an-industrial-company-in-saudi-arabia-need-petroleum-coke-powder-and-purchased-and-established-a-rin\/\" \/>\n<meta property=\"og:locale\" content=\"fr_FR\" \/>\n<meta property=\"og:type\" content=\"article\" \/>\n<meta property=\"og:title\" content=\"An industrial company in Saudi Arabia need petroleum coke powder and purchased and established a rin - Ring Roller Mill\" \/>\n<meta property=\"og:description\" content=\"Materials: Petroleum coke    Granularity: D97 20um    Output: 1 t\/h\" \/>\n<meta property=\"og:url\" content=\"https:\/\/www.vertical-roller-mill.com\/fr\/produit\/an-industrial-company-in-saudi-arabia-need-petroleum-coke-powder-and-purchased-and-established-a-rin\/\" \/>\n<meta property=\"og:site_name\" content=\"Ring Roller Mill\" \/>\n<meta property=\"article:modified_time\" content=\"2023-08-14T03:33:39+00:00\" \/>\n<meta property=\"og:image\" content=\"https:\/\/www.vertical-roller-mill.com\/wp-content\/uploads\/2023\/08\/6f62289074ca3af9e1eb81bd288997ed.jpg\" \/>\n\t<meta property=\"og:image:width\" content=\"600\" \/>\n\t<meta property=\"og:image:height\" content=\"450\" \/>\n\t<meta property=\"og:image:type\" content=\"image\/jpeg\" \/>\n<meta name=\"twitter:card\" content=\"summary_large_image\" \/>\n<meta name=\"twitter:label1\" content=\"Dur\u00e9e de lecture estim\u00e9e\" \/>\n\t<meta name=\"twitter:data1\" content=\"1 minute\" \/>\n<script type=\"application\/ld+json\" class=\"yoast-schema-graph\">{\"@context\":\"https:\/\/schema.org\",\"@graph\":[{\"@type\":\"WebPage\",\"@id\":\"https:\/\/www.vertical-roller-mill.com\/product\/an-industrial-company-in-saudi-arabia-need-petroleum-coke-powder-and-purchased-and-established-a-rin\/\",\"url\":\"https:\/\/www.vertical-roller-mill.com\/product\/an-industrial-company-in-saudi-arabia-need-petroleum-coke-powder-and-purchased-and-established-a-rin\/\",\"name\":\"An industrial company in Saudi Arabia need petroleum coke powder and purchased and established a rin - Ring Roller Mill\",\"isPartOf\":{\"@id\":\"https:\/\/www.vertical-roller-mill.com\/#website\"},\"primaryImageOfPage\":{\"@id\":\"https:\/\/www.vertical-roller-mill.com\/product\/an-industrial-company-in-saudi-arabia-need-petroleum-coke-powder-and-purchased-and-established-a-rin\/#primaryimage\"},\"image\":{\"@id\":\"https:\/\/www.vertical-roller-mill.com\/product\/an-industrial-company-in-saudi-arabia-need-petroleum-coke-powder-and-purchased-and-established-a-rin\/#primaryimage\"},\"thumbnailUrl\":\"https:\/\/www.vertical-roller-mill.com\/wp-content\/uploads\/2023\/08\/6f62289074ca3af9e1eb81bd288997ed.jpg\",\"datePublished\":\"2021-01-16T12:02:37+00:00\",\"dateModified\":\"2023-08-14T03:33:39+00:00\",\"breadcrumb\":{\"@id\":\"https:\/\/www.vertical-roller-mill.com\/product\/an-industrial-company-in-saudi-arabia-need-petroleum-coke-powder-and-purchased-and-established-a-rin\/#breadcrumb\"},\"inLanguage\":\"fr-FR\",\"potentialAction\":[{\"@type\":\"ReadAction\",\"target\":[\"https:\/\/www.vertical-roller-mill.com\/product\/an-industrial-company-in-saudi-arabia-need-petroleum-coke-powder-and-purchased-and-established-a-rin\/\"]}]},{\"@type\":\"ImageObject\",\"inLanguage\":\"fr-FR\",\"@id\":\"https:\/\/www.vertical-roller-mill.com\/product\/an-industrial-company-in-saudi-arabia-need-petroleum-coke-powder-and-purchased-and-established-a-rin\/#primaryimage\",\"url\":\"https:\/\/www.vertical-roller-mill.com\/wp-content\/uploads\/2023\/08\/6f62289074ca3af9e1eb81bd288997ed.jpg\",\"contentUrl\":\"https:\/\/www.vertical-roller-mill.com\/wp-content\/uploads\/2023\/08\/6f62289074ca3af9e1eb81bd288997ed.jpg\",\"width\":600,\"height\":450,\"caption\":\"ring roller mill\"},{\"@type\":\"BreadcrumbList\",\"@id\":\"https:\/\/www.vertical-roller-mill.com\/product\/an-industrial-company-in-saudi-arabia-need-petroleum-coke-powder-and-purchased-and-established-a-rin\/#breadcrumb\",\"itemListElement\":[{\"@type\":\"ListItem\",\"position\":1,\"name\":\"\u9996\u9875\",\"item\":\"https:\/\/www.vertical-roller-mill.com\/\"},{\"@type\":\"ListItem\",\"position\":2,\"name\":\"Cases\",\"item\":\"https:\/\/www.vertical-roller-mill.com\/products\/\"},{\"@type\":\"ListItem\",\"position\":3,\"name\":\"An industrial company in Saudi Arabia need petroleum coke powder and purchased and established a rin\"}]},{\"@type\":\"WebSite\",\"@id\":\"https:\/\/www.vertical-roller-mill.com\/#website\",\"url\":\"https:\/\/www.vertical-roller-mill.com\/\",\"name\":\"Ring Roller Mill\",\"description\":\"Mineral Grinding Ring Roller Mill\",\"publisher\":{\"@id\":\"https:\/\/www.vertical-roller-mill.com\/#organization\"},\"potentialAction\":[{\"@type\":\"SearchAction\",\"target\":{\"@type\":\"EntryPoint\",\"urlTemplate\":\"https:\/\/www.vertical-roller-mill.com\/?s={search_term_string}\"},\"query-input\":{\"@type\":\"PropertyValueSpecification\",\"valueRequired\":true,\"valueName\":\"search_term_string\"}}],\"inLanguage\":\"fr-FR\"},{\"@type\":\"Organization\",\"@id\":\"https:\/\/www.vertical-roller-mill.com\/#organization\",\"name\":\"Ring Roller Mill\",\"url\":\"https:\/\/www.vertical-roller-mill.com\/\",\"logo\":{\"@type\":\"ImageObject\",\"inLanguage\":\"fr-FR\",\"@id\":\"https:\/\/www.vertical-roller-mill.com\/#\/schema\/logo\/image\/\",\"url\":\"https:\/\/www.vertical-roller-mill.com\/wp-content\/uploads\/2023\/08\/cropped-logo2.png\",\"contentUrl\":\"https:\/\/www.vertical-roller-mill.com\/wp-content\/uploads\/2023\/08\/cropped-logo2.png\",\"width\":322,\"height\":78,\"caption\":\"Ring Roller Mill\"},\"image\":{\"@id\":\"https:\/\/www.vertical-roller-mill.com\/#\/schema\/logo\/image\/\"}}]}<\/script>\n<!-- \/ Yoast SEO plugin. -->","yoast_head_json":{"title":"An industrial company in Saudi Arabia need petroleum coke powder and purchased and established a rin - Ring Roller Mill","robots":{"index":"index","follow":"follow","max-snippet":"max-snippet:-1","max-image-preview":"max-image-preview:large","max-video-preview":"max-video-preview:-1"},"canonical":"https:\/\/www.vertical-roller-mill.com\/fr\/produit\/an-industrial-company-in-saudi-arabia-need-petroleum-coke-powder-and-purchased-and-established-a-rin\/","og_locale":"fr_FR","og_type":"article","og_title":"An industrial company in Saudi Arabia need petroleum coke powder and purchased and established a rin - Ring Roller Mill","og_description":"Materials: Petroleum coke    Granularity: D97 20um    Output: 1 t\/h","og_url":"https:\/\/www.vertical-roller-mill.com\/fr\/produit\/an-industrial-company-in-saudi-arabia-need-petroleum-coke-powder-and-purchased-and-established-a-rin\/","og_site_name":"Ring Roller Mill","article_modified_time":"2023-08-14T03:33:39+00:00","og_image":[{"width":600,"height":450,"url":"https:\/\/www.vertical-roller-mill.com\/wp-content\/uploads\/2023\/08\/6f62289074ca3af9e1eb81bd288997ed.jpg","type":"image\/jpeg"}],"twitter_card":"summary_large_image","twitter_misc":{"Dur\u00e9e de lecture estim\u00e9e":"1 minute"},"schema":{"@context":"https:\/\/schema.org","@graph":[{"@type":"WebPage","@id":"https:\/\/www.vertical-roller-mill.com\/product\/an-industrial-company-in-saudi-arabia-need-petroleum-coke-powder-and-purchased-and-established-a-rin\/","url":"https:\/\/www.vertical-roller-mill.com\/product\/an-industrial-company-in-saudi-arabia-need-petroleum-coke-powder-and-purchased-and-established-a-rin\/","name":"An industrial company in Saudi Arabia need petroleum coke powder and purchased and established a rin - Ring Roller Mill","isPartOf":{"@id":"https:\/\/www.vertical-roller-mill.com\/#website"},"primaryImageOfPage":{"@id":"https:\/\/www.vertical-roller-mill.com\/product\/an-industrial-company-in-saudi-arabia-need-petroleum-coke-powder-and-purchased-and-established-a-rin\/#primaryimage"},"image":{"@id":"https:\/\/www.vertical-roller-mill.com\/product\/an-industrial-company-in-saudi-arabia-need-petroleum-coke-powder-and-purchased-and-established-a-rin\/#primaryimage"},"thumbnailUrl":"https:\/\/www.vertical-roller-mill.com\/wp-content\/uploads\/2023\/08\/6f62289074ca3af9e1eb81bd288997ed.jpg","datePublished":"2021-01-16T12:02:37+00:00","dateModified":"2023-08-14T03:33:39+00:00","breadcrumb":{"@id":"https:\/\/www.vertical-roller-mill.com\/product\/an-industrial-company-in-saudi-arabia-need-petroleum-coke-powder-and-purchased-and-established-a-rin\/#breadcrumb"},"inLanguage":"fr-FR","potentialAction":[{"@type":"ReadAction","target":["https:\/\/www.vertical-roller-mill.com\/product\/an-industrial-company-in-saudi-arabia-need-petroleum-coke-powder-and-purchased-and-established-a-rin\/"]}]},{"@type":"ImageObject","inLanguage":"fr-FR","@id":"https:\/\/www.vertical-roller-mill.com\/product\/an-industrial-company-in-saudi-arabia-need-petroleum-coke-powder-and-purchased-and-established-a-rin\/#primaryimage","url":"https:\/\/www.vertical-roller-mill.com\/wp-content\/uploads\/2023\/08\/6f62289074ca3af9e1eb81bd288997ed.jpg","contentUrl":"https:\/\/www.vertical-roller-mill.com\/wp-content\/uploads\/2023\/08\/6f62289074ca3af9e1eb81bd288997ed.jpg","width":600,"height":450,"caption":"ring roller mill"},{"@type":"BreadcrumbList","@id":"https:\/\/www.vertical-roller-mill.com\/product\/an-industrial-company-in-saudi-arabia-need-petroleum-coke-powder-and-purchased-and-established-a-rin\/#breadcrumb","itemListElement":[{"@type":"ListItem","position":1,"name":"\u9996\u9875","item":"https:\/\/www.vertical-roller-mill.com\/"},{"@type":"ListItem","position":2,"name":"Cases","item":"https:\/\/www.vertical-roller-mill.com\/products\/"},{"@type":"ListItem","position":3,"name":"An industrial company in Saudi Arabia need petroleum coke powder and purchased and established a rin"}]},{"@type":"WebSite","@id":"https:\/\/www.vertical-roller-mill.com\/#website","url":"https:\/\/www.vertical-roller-mill.com\/","name":"Ring Roller Mill","description":"Mineral Grinding Ring Roller Mill","publisher":{"@id":"https:\/\/www.vertical-roller-mill.com\/#organization"},"potentialAction":[{"@type":"SearchAction","target":{"@type":"EntryPoint","urlTemplate":"https:\/\/www.vertical-roller-mill.com\/?s={search_term_string}"},"query-input":{"@type":"PropertyValueSpecification","valueRequired":true,"valueName":"search_term_string"}}],"inLanguage":"fr-FR"},{"@type":"Organization","@id":"https:\/\/www.vertical-roller-mill.com\/#organization","name":"Ring Roller Mill","url":"https:\/\/www.vertical-roller-mill.com\/","logo":{"@type":"ImageObject","inLanguage":"fr-FR","@id":"https:\/\/www.vertical-roller-mill.com\/#\/schema\/logo\/image\/","url":"https:\/\/www.vertical-roller-mill.com\/wp-content\/uploads\/2023\/08\/cropped-logo2.png","contentUrl":"https:\/\/www.vertical-roller-mill.com\/wp-content\/uploads\/2023\/08\/cropped-logo2.png","width":322,"height":78,"caption":"Ring Roller Mill"},"image":{"@id":"https:\/\/www.vertical-roller-mill.com\/#\/schema\/logo\/image\/"}}]}},"acf":[],"_links":{"self":[{"href":"https:\/\/www.vertical-roller-mill.com\/fr\/wp-json\/wp\/v2\/product\/12276","targetHints":{"allow":["GET"]}}],"collection":[{"href":"https:\/\/www.vertical-roller-mill.com\/fr\/wp-json\/wp\/v2\/product"}],"about":[{"href":"https:\/\/www.vertical-roller-mill.com\/fr\/wp-json\/wp\/v2\/types\/product"}],"wp:featuredmedia":[{"embeddable":true,"href":"https:\/\/www.vertical-roller-mill.com\/fr\/wp-json\/wp\/v2\/media\/13605"}],"wp:attachment":[{"href":"https:\/\/www.vertical-roller-mill.com\/fr\/wp-json\/wp\/v2\/media?parent=12276"}],"wp:term":[{"taxonomy":"product_cat","embeddable":true,"href":"https:\/\/www.vertical-roller-mill.com\/fr\/wp-json\/wp\/v2\/product_cat?post=12276"},{"taxonomy":"product_tag","embeddable":true,"href":"https:\/\/www.vertical-roller-mill.com\/fr\/wp-json\/wp\/v2\/product_tag?post=12276"}],"curies":[{"name":"wp","href":"https:\/\/api.w.org\/{rel}","templated":true}]}}