{"id":12276,"date":"2021-01-16T12:02:37","date_gmt":"2021-01-16T12:02:37","guid":{"rendered":"https:\/\/ciyashop.potenzaglobalsolutions.com\/medical\/?post_type=product&#038;p=12276"},"modified":"2023-08-14T03:33:39","modified_gmt":"2023-08-14T03:33:39","slug":"an-industrial-company-in-saudi-arabia-need-petroleum-coke-powder-and-purchased-and-established-a-rin","status":"publish","type":"product","link":"https:\/\/www.vertical-roller-mill.com\/pt\/product\/an-industrial-company-in-saudi-arabia-need-petroleum-coke-powder-and-purchased-and-established-a-rin\/","title":{"rendered":"Uma empresa industrial na Ar\u00e1bia Saudita precisa de p\u00f3 de coque de petr\u00f3leo e comprou e estabeleceu uma rin"},"content":{"rendered":"<p>Uma empresa industrial na Ar\u00e1bia Saudita precisa de p\u00f3 de coque de petr\u00f3leo e comprou e estabeleceu um moinho de rolos de anel e um sistema de produ\u00e7\u00e3o de classificador. Os requisitos espec\u00edficos s\u00e3o os seguintes:<br \/>\nNome do material: Coque de petr\u00f3leo<br \/>\nTamanho de part\u00edcula de alimenta\u00e7\u00e3o: 3 mm<br \/>\nTamanho de part\u00edcula do produto: D97 20um<br \/>\nSa\u00edda da unidade: 1 t\/h<\/p>\n<p>O coque de petr\u00f3leo \u00e9 um coque s\u00f3lido preto produzido por craqueamento e coqueifica\u00e7\u00e3o. Dependendo de sua qualidade, o coque de petr\u00f3leo pode ser usado em ind\u00fastrias como grafite, fundi\u00e7\u00e3o e ind\u00fastria qu\u00edmica. O coque cozido de alta qualidade e baixo teor de enxofre, como o coque agulha, \u00e9 usado principalmente na fabrica\u00e7\u00e3o de eletrodos de grafite de ultra-alta pot\u00eancia e alguns produtos especiais de carbono; na ind\u00fastria sider\u00fargica, o coque agulha \u00e9 um material importante para o desenvolvimento de novas tecnologias de siderurgia de forno el\u00e9trico. Coque cozido comum de m\u00e9dio teor de enxofre, usado em grandes quantidades para fundi\u00e7\u00e3o de alum\u00ednio. O coque verde comum de alto teor de enxofre \u00e9 usado na produ\u00e7\u00e3o qu\u00edmica, como a fabrica\u00e7\u00e3o de carboneto de c\u00e1lcio, carboneto de sil\u00edcio, etc., e tamb\u00e9m usado como combust\u00edvel para fundi\u00e7\u00e3o de metais.<\/p>","protected":false},"excerpt":{"rendered":"<div class=\"project-details__info-single\">\n<h5 class=\"project-details__info-client\">Materiais:<\/h5>\n<p class=\"project-details__info-name\">coque de petr\u00f3leo<\/p>\n<\/div>\n<div class=\"project-details__info-single\">\n<h5 class=\"project-details__info-client\">Granularidade:<\/h5>\n<p class=\"project-details__info-name\">D97 20um<\/p>\n<\/div>\n<div class=\"project-details__info-single\">\n<h5 class=\"project-details__info-client\">Sa\u00edda:<\/h5>\n<p class=\"project-details__info-name\">1 t\/h<\/p>\n<\/div>","protected":false},"featured_media":13605,"template":"","meta":{"site-sidebar-layout":"default","site-content-layout":"default","ast-site-content-layout":"","site-content-style":"default","site-sidebar-style":"default","ast-global-header-display":"","ast-banner-title-visibility":"","ast-main-header-display":"","ast-hfb-above-header-display":"","ast-hfb-below-header-display":"","ast-hfb-mobile-header-display":"","site-post-title":"","ast-breadcrumbs-content":"","ast-featured-img":"","footer-sml-layout":"","theme-transparent-header-meta":"default","adv-header-id-meta":"","stick-header-meta":"default","header-above-stick-meta":"","header-main-stick-meta":"","header-below-stick-meta":"","astra-migrate-meta-layouts":"default","ast-page-background-enabled":"default","ast-page-background-meta":{"desktop":{"background-color":"","background-image":"","background-repeat":"repeat","background-position":"center center","background-size":"auto","background-attachment":"scroll","background-type":"","background-media":"","overlay-type":"","overlay-color":"","overlay-opacity":"","overlay-gradient":""},"tablet":{"background-color":"","background-image":"","background-repeat":"repeat","background-position":"center center","background-size":"auto","background-attachment":"scroll","background-type":"","background-media":"","overlay-type":"","overlay-color":"","overlay-opacity":"","overlay-gradient":""},"mobile":{"background-color":"","background-image":"","background-repeat":"repeat","background-position":"center center","background-size":"auto","background-attachment":"scroll","background-type":"","background-media":"","overlay-type":"","overlay-color":"","overlay-opacity":"","overlay-gradient":""}},"ast-content-background-meta":{"desktop":{"background-color":"var(--ast-global-color-5)","background-image":"","background-repeat":"repeat","background-position":"center center","background-size":"auto","background-attachment":"scroll","background-type":"","background-media":"","overlay-type":"","overlay-color":"","overlay-opacity":"","overlay-gradient":""},"tablet":{"background-color":"var(--ast-global-color-5)","background-image":"","background-repeat":"repeat","background-position":"center center","background-size":"auto","background-attachment":"scroll","background-type":"","background-media":"","overlay-type":"","overlay-color":"","overlay-opacity":"","overlay-gradient":""},"mobile":{"background-color":"var(--ast-global-color-5)","background-image":"","background-repeat":"repeat","background-position":"center center","background-size":"auto","background-attachment":"scroll","background-type":"","background-media":"","overlay-type":"","overlay-color":"","overlay-opacity":"","overlay-gradient":""}}},"product_cat":[24],"product_tag":[],"class_list":{"0":"post-12276","1":"product","2":"type-product","3":"status-publish","4":"has-post-thumbnail","6":"product_cat-roller-mill","7":"desktop-align-center","8":"tablet-align-center","9":"mobile-align-center","10":"ast-product-gallery-layout-horizontal-slider","11":"ast-product-gallery-with-no-image","12":"ast-product-tabs-layout-horizontal","14":"first","15":"instock","16":"shipping-taxable","17":"product-type-simple"},"yoast_head":"<!-- This site is optimized with the Yoast SEO plugin v24.4 - https:\/\/yoast.com\/wordpress\/plugins\/seo\/ -->\n<title>An industrial company in Saudi Arabia need petroleum coke powder and purchased and established a rin - Ring Roller Mill<\/title>\n<meta name=\"robots\" content=\"index, follow, max-snippet:-1, max-image-preview:large, max-video-preview:-1\" \/>\n<link rel=\"canonical\" href=\"https:\/\/www.vertical-roller-mill.com\/pt\/produto\/an-industrial-company-in-saudi-arabia-need-petroleum-coke-powder-and-purchased-and-established-a-rin\/\" \/>\n<meta property=\"og:locale\" content=\"pt_PT\" \/>\n<meta property=\"og:type\" content=\"article\" \/>\n<meta property=\"og:title\" content=\"An industrial company in Saudi Arabia need petroleum coke powder and purchased and established a rin - Ring Roller Mill\" \/>\n<meta property=\"og:description\" content=\"Materials: Petroleum coke    Granularity: D97 20um    Output: 1 t\/h\" \/>\n<meta property=\"og:url\" content=\"https:\/\/www.vertical-roller-mill.com\/pt\/produto\/an-industrial-company-in-saudi-arabia-need-petroleum-coke-powder-and-purchased-and-established-a-rin\/\" \/>\n<meta property=\"og:site_name\" content=\"Ring Roller Mill\" \/>\n<meta property=\"article:modified_time\" content=\"2023-08-14T03:33:39+00:00\" \/>\n<meta property=\"og:image\" content=\"https:\/\/www.vertical-roller-mill.com\/wp-content\/uploads\/2023\/08\/6f62289074ca3af9e1eb81bd288997ed.jpg\" \/>\n\t<meta property=\"og:image:width\" content=\"600\" \/>\n\t<meta property=\"og:image:height\" content=\"450\" \/>\n\t<meta property=\"og:image:type\" content=\"image\/jpeg\" \/>\n<meta name=\"twitter:card\" content=\"summary_large_image\" \/>\n<meta name=\"twitter:label1\" content=\"Tempo estimado de leitura\" \/>\n\t<meta name=\"twitter:data1\" content=\"1 minuto\" \/>\n<script type=\"application\/ld+json\" class=\"yoast-schema-graph\">{\"@context\":\"https:\/\/schema.org\",\"@graph\":[{\"@type\":\"WebPage\",\"@id\":\"https:\/\/www.vertical-roller-mill.com\/product\/an-industrial-company-in-saudi-arabia-need-petroleum-coke-powder-and-purchased-and-established-a-rin\/\",\"url\":\"https:\/\/www.vertical-roller-mill.com\/product\/an-industrial-company-in-saudi-arabia-need-petroleum-coke-powder-and-purchased-and-established-a-rin\/\",\"name\":\"An industrial company in Saudi Arabia need petroleum coke powder and purchased and established a rin - Ring Roller Mill\",\"isPartOf\":{\"@id\":\"https:\/\/www.vertical-roller-mill.com\/#website\"},\"primaryImageOfPage\":{\"@id\":\"https:\/\/www.vertical-roller-mill.com\/product\/an-industrial-company-in-saudi-arabia-need-petroleum-coke-powder-and-purchased-and-established-a-rin\/#primaryimage\"},\"image\":{\"@id\":\"https:\/\/www.vertical-roller-mill.com\/product\/an-industrial-company-in-saudi-arabia-need-petroleum-coke-powder-and-purchased-and-established-a-rin\/#primaryimage\"},\"thumbnailUrl\":\"https:\/\/www.vertical-roller-mill.com\/wp-content\/uploads\/2023\/08\/6f62289074ca3af9e1eb81bd288997ed.jpg\",\"datePublished\":\"2021-01-16T12:02:37+00:00\",\"dateModified\":\"2023-08-14T03:33:39+00:00\",\"breadcrumb\":{\"@id\":\"https:\/\/www.vertical-roller-mill.com\/product\/an-industrial-company-in-saudi-arabia-need-petroleum-coke-powder-and-purchased-and-established-a-rin\/#breadcrumb\"},\"inLanguage\":\"pt-PT\",\"potentialAction\":[{\"@type\":\"ReadAction\",\"target\":[\"https:\/\/www.vertical-roller-mill.com\/product\/an-industrial-company-in-saudi-arabia-need-petroleum-coke-powder-and-purchased-and-established-a-rin\/\"]}]},{\"@type\":\"ImageObject\",\"inLanguage\":\"pt-PT\",\"@id\":\"https:\/\/www.vertical-roller-mill.com\/product\/an-industrial-company-in-saudi-arabia-need-petroleum-coke-powder-and-purchased-and-established-a-rin\/#primaryimage\",\"url\":\"https:\/\/www.vertical-roller-mill.com\/wp-content\/uploads\/2023\/08\/6f62289074ca3af9e1eb81bd288997ed.jpg\",\"contentUrl\":\"https:\/\/www.vertical-roller-mill.com\/wp-content\/uploads\/2023\/08\/6f62289074ca3af9e1eb81bd288997ed.jpg\",\"width\":600,\"height\":450,\"caption\":\"ring roller mill\"},{\"@type\":\"BreadcrumbList\",\"@id\":\"https:\/\/www.vertical-roller-mill.com\/product\/an-industrial-company-in-saudi-arabia-need-petroleum-coke-powder-and-purchased-and-established-a-rin\/#breadcrumb\",\"itemListElement\":[{\"@type\":\"ListItem\",\"position\":1,\"name\":\"\u9996\u9875\",\"item\":\"https:\/\/www.vertical-roller-mill.com\/\"},{\"@type\":\"ListItem\",\"position\":2,\"name\":\"Cases\",\"item\":\"https:\/\/www.vertical-roller-mill.com\/products\/\"},{\"@type\":\"ListItem\",\"position\":3,\"name\":\"An industrial company in Saudi Arabia need petroleum coke powder and purchased and established a rin\"}]},{\"@type\":\"WebSite\",\"@id\":\"https:\/\/www.vertical-roller-mill.com\/#website\",\"url\":\"https:\/\/www.vertical-roller-mill.com\/\",\"name\":\"Ring Roller Mill\",\"description\":\"Mineral Grinding Ring Roller Mill\",\"publisher\":{\"@id\":\"https:\/\/www.vertical-roller-mill.com\/#organization\"},\"potentialAction\":[{\"@type\":\"SearchAction\",\"target\":{\"@type\":\"EntryPoint\",\"urlTemplate\":\"https:\/\/www.vertical-roller-mill.com\/?s={search_term_string}\"},\"query-input\":{\"@type\":\"PropertyValueSpecification\",\"valueRequired\":true,\"valueName\":\"search_term_string\"}}],\"inLanguage\":\"pt-PT\"},{\"@type\":\"Organization\",\"@id\":\"https:\/\/www.vertical-roller-mill.com\/#organization\",\"name\":\"Ring Roller Mill\",\"url\":\"https:\/\/www.vertical-roller-mill.com\/\",\"logo\":{\"@type\":\"ImageObject\",\"inLanguage\":\"pt-PT\",\"@id\":\"https:\/\/www.vertical-roller-mill.com\/#\/schema\/logo\/image\/\",\"url\":\"https:\/\/www.vertical-roller-mill.com\/wp-content\/uploads\/2023\/08\/cropped-logo2.png\",\"contentUrl\":\"https:\/\/www.vertical-roller-mill.com\/wp-content\/uploads\/2023\/08\/cropped-logo2.png\",\"width\":322,\"height\":78,\"caption\":\"Ring Roller Mill\"},\"image\":{\"@id\":\"https:\/\/www.vertical-roller-mill.com\/#\/schema\/logo\/image\/\"}}]}<\/script>\n<!-- \/ Yoast SEO plugin. -->","yoast_head_json":{"title":"An industrial company in Saudi Arabia need petroleum coke powder and purchased and established a rin - Ring Roller Mill","robots":{"index":"index","follow":"follow","max-snippet":"max-snippet:-1","max-image-preview":"max-image-preview:large","max-video-preview":"max-video-preview:-1"},"canonical":"https:\/\/www.vertical-roller-mill.com\/pt\/produto\/an-industrial-company-in-saudi-arabia-need-petroleum-coke-powder-and-purchased-and-established-a-rin\/","og_locale":"pt_PT","og_type":"article","og_title":"An industrial company in Saudi Arabia need petroleum coke powder and purchased and established a rin - Ring Roller Mill","og_description":"Materials: Petroleum coke    Granularity: D97 20um    Output: 1 t\/h","og_url":"https:\/\/www.vertical-roller-mill.com\/pt\/produto\/an-industrial-company-in-saudi-arabia-need-petroleum-coke-powder-and-purchased-and-established-a-rin\/","og_site_name":"Ring Roller Mill","article_modified_time":"2023-08-14T03:33:39+00:00","og_image":[{"width":600,"height":450,"url":"https:\/\/www.vertical-roller-mill.com\/wp-content\/uploads\/2023\/08\/6f62289074ca3af9e1eb81bd288997ed.jpg","type":"image\/jpeg"}],"twitter_card":"summary_large_image","twitter_misc":{"Tempo estimado de leitura":"1 minuto"},"schema":{"@context":"https:\/\/schema.org","@graph":[{"@type":"WebPage","@id":"https:\/\/www.vertical-roller-mill.com\/product\/an-industrial-company-in-saudi-arabia-need-petroleum-coke-powder-and-purchased-and-established-a-rin\/","url":"https:\/\/www.vertical-roller-mill.com\/product\/an-industrial-company-in-saudi-arabia-need-petroleum-coke-powder-and-purchased-and-established-a-rin\/","name":"An industrial company in Saudi Arabia need petroleum coke powder and purchased and established a rin - Ring Roller Mill","isPartOf":{"@id":"https:\/\/www.vertical-roller-mill.com\/#website"},"primaryImageOfPage":{"@id":"https:\/\/www.vertical-roller-mill.com\/product\/an-industrial-company-in-saudi-arabia-need-petroleum-coke-powder-and-purchased-and-established-a-rin\/#primaryimage"},"image":{"@id":"https:\/\/www.vertical-roller-mill.com\/product\/an-industrial-company-in-saudi-arabia-need-petroleum-coke-powder-and-purchased-and-established-a-rin\/#primaryimage"},"thumbnailUrl":"https:\/\/www.vertical-roller-mill.com\/wp-content\/uploads\/2023\/08\/6f62289074ca3af9e1eb81bd288997ed.jpg","datePublished":"2021-01-16T12:02:37+00:00","dateModified":"2023-08-14T03:33:39+00:00","breadcrumb":{"@id":"https:\/\/www.vertical-roller-mill.com\/product\/an-industrial-company-in-saudi-arabia-need-petroleum-coke-powder-and-purchased-and-established-a-rin\/#breadcrumb"},"inLanguage":"pt-PT","potentialAction":[{"@type":"ReadAction","target":["https:\/\/www.vertical-roller-mill.com\/product\/an-industrial-company-in-saudi-arabia-need-petroleum-coke-powder-and-purchased-and-established-a-rin\/"]}]},{"@type":"ImageObject","inLanguage":"pt-PT","@id":"https:\/\/www.vertical-roller-mill.com\/product\/an-industrial-company-in-saudi-arabia-need-petroleum-coke-powder-and-purchased-and-established-a-rin\/#primaryimage","url":"https:\/\/www.vertical-roller-mill.com\/wp-content\/uploads\/2023\/08\/6f62289074ca3af9e1eb81bd288997ed.jpg","contentUrl":"https:\/\/www.vertical-roller-mill.com\/wp-content\/uploads\/2023\/08\/6f62289074ca3af9e1eb81bd288997ed.jpg","width":600,"height":450,"caption":"ring roller mill"},{"@type":"BreadcrumbList","@id":"https:\/\/www.vertical-roller-mill.com\/product\/an-industrial-company-in-saudi-arabia-need-petroleum-coke-powder-and-purchased-and-established-a-rin\/#breadcrumb","itemListElement":[{"@type":"ListItem","position":1,"name":"\u9996\u9875","item":"https:\/\/www.vertical-roller-mill.com\/"},{"@type":"ListItem","position":2,"name":"Cases","item":"https:\/\/www.vertical-roller-mill.com\/products\/"},{"@type":"ListItem","position":3,"name":"An industrial company in Saudi Arabia need petroleum coke powder and purchased and established a rin"}]},{"@type":"WebSite","@id":"https:\/\/www.vertical-roller-mill.com\/#website","url":"https:\/\/www.vertical-roller-mill.com\/","name":"Ring Roller Mill","description":"Mineral Grinding Ring Roller Mill","publisher":{"@id":"https:\/\/www.vertical-roller-mill.com\/#organization"},"potentialAction":[{"@type":"SearchAction","target":{"@type":"EntryPoint","urlTemplate":"https:\/\/www.vertical-roller-mill.com\/?s={search_term_string}"},"query-input":{"@type":"PropertyValueSpecification","valueRequired":true,"valueName":"search_term_string"}}],"inLanguage":"pt-PT"},{"@type":"Organization","@id":"https:\/\/www.vertical-roller-mill.com\/#organization","name":"Ring Roller Mill","url":"https:\/\/www.vertical-roller-mill.com\/","logo":{"@type":"ImageObject","inLanguage":"pt-PT","@id":"https:\/\/www.vertical-roller-mill.com\/#\/schema\/logo\/image\/","url":"https:\/\/www.vertical-roller-mill.com\/wp-content\/uploads\/2023\/08\/cropped-logo2.png","contentUrl":"https:\/\/www.vertical-roller-mill.com\/wp-content\/uploads\/2023\/08\/cropped-logo2.png","width":322,"height":78,"caption":"Ring Roller Mill"},"image":{"@id":"https:\/\/www.vertical-roller-mill.com\/#\/schema\/logo\/image\/"}}]}},"acf":[],"_links":{"self":[{"href":"https:\/\/www.vertical-roller-mill.com\/pt\/wp-json\/wp\/v2\/product\/12276","targetHints":{"allow":["GET"]}}],"collection":[{"href":"https:\/\/www.vertical-roller-mill.com\/pt\/wp-json\/wp\/v2\/product"}],"about":[{"href":"https:\/\/www.vertical-roller-mill.com\/pt\/wp-json\/wp\/v2\/types\/product"}],"wp:featuredmedia":[{"embeddable":true,"href":"https:\/\/www.vertical-roller-mill.com\/pt\/wp-json\/wp\/v2\/media\/13605"}],"wp:attachment":[{"href":"https:\/\/www.vertical-roller-mill.com\/pt\/wp-json\/wp\/v2\/media?parent=12276"}],"wp:term":[{"taxonomy":"product_cat","embeddable":true,"href":"https:\/\/www.vertical-roller-mill.com\/pt\/wp-json\/wp\/v2\/product_cat?post=12276"},{"taxonomy":"product_tag","embeddable":true,"href":"https:\/\/www.vertical-roller-mill.com\/pt\/wp-json\/wp\/v2\/product_tag?post=12276"}],"curies":[{"name":"wp","href":"https:\/\/api.w.org\/{rel}","templated":true}]}}