{"id":12300,"date":"2021-01-16T12:45:42","date_gmt":"2021-01-16T12:45:42","guid":{"rendered":"https:\/\/ciyashop.potenzaglobalsolutions.com\/medical\/?post_type=product&#038;p=12300"},"modified":"2023-08-14T03:31:31","modified_gmt":"2023-08-14T03:31:31","slug":"a-heavy-calcium-carbonate-ball-mill-and-grading-modification-production-line-in-a-mineral-factory","status":"publish","type":"product","link":"https:\/\/www.vertical-roller-mill.com\/pt\/product\/a-heavy-calcium-carbonate-ball-mill-and-grading-modification-production-line-in-a-mineral-factory\/","title":{"rendered":"Um moinho de bolas de carbonato de c\u00e1lcio pesado e linha de produ\u00e7\u00e3o de classifica\u00e7\u00e3o + modifica\u00e7\u00e3o em uma f\u00e1brica mineral"},"content":{"rendered":"<p>This customer is a well-known non-metallic ore processing enterprise in India, and he wants to seek a new coating modification process. Through many peers, he learned that EPIC has rich experience in non-metallic ore ultrafine processing and modified heavy quality processes. After two tests, he purchased two sets of ball-milling classification + modification equipment.<\/p>","protected":false},"excerpt":{"rendered":"<ul>\n<li>\n<div class=\"project-details__info-single\">\n<h5 class=\"project-details__info-client\">Materiais:<\/h5>\n<p class=\"project-details__info-name\">GCC<\/p>\n<\/div>\n<div class=\"project-details__info-single\">\n<h5 class=\"project-details__info-client\">Granularidade:<\/h5>\n<p class=\"project-details__info-name\">D97:10\u03bcm<\/p>\n<\/div>\n<div class=\"project-details__info-single\">\n<h5 class=\"project-details__info-client\">Sa\u00edda:<\/h5>\n<p class=\"project-details__info-name\">750kg\/h<\/p>\n<\/div>\n<\/li>\n<\/ul>","protected":false},"featured_media":13631,"template":"","meta":{"site-sidebar-layout":"default","site-content-layout":"default","ast-site-content-layout":"","site-content-style":"default","site-sidebar-style":"default","ast-global-header-display":"","ast-banner-title-visibility":"","ast-main-header-display":"","ast-hfb-above-header-display":"","ast-hfb-below-header-display":"","ast-hfb-mobile-header-display":"","site-post-title":"","ast-breadcrumbs-content":"","ast-featured-img":"","footer-sml-layout":"","theme-transparent-header-meta":"default","adv-header-id-meta":"","stick-header-meta":"default","header-above-stick-meta":"","header-main-stick-meta":"","header-below-stick-meta":"","astra-migrate-meta-layouts":"default","ast-page-background-enabled":"default","ast-page-background-meta":{"desktop":{"background-color":"","background-image":"","background-repeat":"repeat","background-position":"center center","background-size":"auto","background-attachment":"scroll","background-type":"","background-media":"","overlay-type":"","overlay-color":"","overlay-opacity":"","overlay-gradient":""},"tablet":{"background-color":"","background-image":"","background-repeat":"repeat","background-position":"center center","background-size":"auto","background-attachment":"scroll","background-type":"","background-media":"","overlay-type":"","overlay-color":"","overlay-opacity":"","overlay-gradient":""},"mobile":{"background-color":"","background-image":"","background-repeat":"repeat","background-position":"center center","background-size":"auto","background-attachment":"scroll","background-type":"","background-media":"","overlay-type":"","overlay-color":"","overlay-opacity":"","overlay-gradient":""}},"ast-content-background-meta":{"desktop":{"background-color":"var(--ast-global-color-5)","background-image":"","background-repeat":"repeat","background-position":"center center","background-size":"auto","background-attachment":"scroll","background-type":"","background-media":"","overlay-type":"","overlay-color":"","overlay-opacity":"","overlay-gradient":""},"tablet":{"background-color":"var(--ast-global-color-5)","background-image":"","background-repeat":"repeat","background-position":"center center","background-size":"auto","background-attachment":"scroll","background-type":"","background-media":"","overlay-type":"","overlay-color":"","overlay-opacity":"","overlay-gradient":""},"mobile":{"background-color":"var(--ast-global-color-5)","background-image":"","background-repeat":"repeat","background-position":"center center","background-size":"auto","background-attachment":"scroll","background-type":"","background-media":"","overlay-type":"","overlay-color":"","overlay-opacity":"","overlay-gradient":""}}},"product_cat":[24],"product_tag":[],"class_list":{"0":"post-12300","1":"product","2":"type-product","3":"status-publish","4":"has-post-thumbnail","6":"product_cat-roller-mill","7":"desktop-align-center","8":"tablet-align-center","9":"mobile-align-center","10":"ast-product-gallery-layout-horizontal-slider","11":"ast-product-gallery-with-no-image","12":"ast-product-tabs-layout-horizontal","14":"first","15":"instock","16":"shipping-taxable","17":"product-type-simple"},"yoast_head":"<!-- This site is optimized with the Yoast SEO plugin v24.4 - https:\/\/yoast.com\/wordpress\/plugins\/seo\/ -->\n<title>A heavy calcium carbonate ball mill and grading + modification production line in a mineral factory - Ring Roller Mill<\/title>\n<meta name=\"robots\" content=\"index, follow, max-snippet:-1, max-image-preview:large, max-video-preview:-1\" \/>\n<link rel=\"canonical\" href=\"https:\/\/www.vertical-roller-mill.com\/pt\/produto\/a-heavy-calcium-carbonate-ball-mill-and-grading-modification-production-line-in-a-mineral-factory\/\" \/>\n<meta property=\"og:locale\" content=\"pt_PT\" \/>\n<meta property=\"og:type\" content=\"article\" \/>\n<meta property=\"og:title\" content=\"A heavy calcium carbonate ball mill and grading + modification production line in a mineral factory - Ring Roller Mill\" \/>\n<meta property=\"og:description\" content=\"Materials: GCC    Granularity: D97:10\u03bcm    Output: 750kg\/h\" \/>\n<meta property=\"og:url\" content=\"https:\/\/www.vertical-roller-mill.com\/pt\/produto\/a-heavy-calcium-carbonate-ball-mill-and-grading-modification-production-line-in-a-mineral-factory\/\" \/>\n<meta property=\"og:site_name\" content=\"Ring Roller Mill\" \/>\n<meta property=\"article:modified_time\" content=\"2023-08-14T03:31:31+00:00\" \/>\n<meta property=\"og:image\" content=\"https:\/\/www.vertical-roller-mill.com\/wp-content\/uploads\/2021\/01\/711ff3d37a2623dddef6d18c229d85e9.jpg\" \/>\n\t<meta property=\"og:image:width\" content=\"720\" \/>\n\t<meta property=\"og:image:height\" content=\"540\" \/>\n\t<meta property=\"og:image:type\" content=\"image\/jpeg\" \/>\n<meta name=\"twitter:card\" content=\"summary_large_image\" \/>\n<script type=\"application\/ld+json\" class=\"yoast-schema-graph\">{\"@context\":\"https:\/\/schema.org\",\"@graph\":[{\"@type\":\"WebPage\",\"@id\":\"https:\/\/www.vertical-roller-mill.com\/product\/a-heavy-calcium-carbonate-ball-mill-and-grading-modification-production-line-in-a-mineral-factory\/\",\"url\":\"https:\/\/www.vertical-roller-mill.com\/product\/a-heavy-calcium-carbonate-ball-mill-and-grading-modification-production-line-in-a-mineral-factory\/\",\"name\":\"A heavy calcium carbonate ball mill and grading + modification production line in a mineral factory - Ring Roller Mill\",\"isPartOf\":{\"@id\":\"https:\/\/www.vertical-roller-mill.com\/#website\"},\"primaryImageOfPage\":{\"@id\":\"https:\/\/www.vertical-roller-mill.com\/product\/a-heavy-calcium-carbonate-ball-mill-and-grading-modification-production-line-in-a-mineral-factory\/#primaryimage\"},\"image\":{\"@id\":\"https:\/\/www.vertical-roller-mill.com\/product\/a-heavy-calcium-carbonate-ball-mill-and-grading-modification-production-line-in-a-mineral-factory\/#primaryimage\"},\"thumbnailUrl\":\"https:\/\/www.vertical-roller-mill.com\/wp-content\/uploads\/2021\/01\/711ff3d37a2623dddef6d18c229d85e9.jpg\",\"datePublished\":\"2021-01-16T12:45:42+00:00\",\"dateModified\":\"2023-08-14T03:31:31+00:00\",\"breadcrumb\":{\"@id\":\"https:\/\/www.vertical-roller-mill.com\/product\/a-heavy-calcium-carbonate-ball-mill-and-grading-modification-production-line-in-a-mineral-factory\/#breadcrumb\"},\"inLanguage\":\"pt-PT\",\"potentialAction\":[{\"@type\":\"ReadAction\",\"target\":[\"https:\/\/www.vertical-roller-mill.com\/product\/a-heavy-calcium-carbonate-ball-mill-and-grading-modification-production-line-in-a-mineral-factory\/\"]}]},{\"@type\":\"ImageObject\",\"inLanguage\":\"pt-PT\",\"@id\":\"https:\/\/www.vertical-roller-mill.com\/product\/a-heavy-calcium-carbonate-ball-mill-and-grading-modification-production-line-in-a-mineral-factory\/#primaryimage\",\"url\":\"https:\/\/www.vertical-roller-mill.com\/wp-content\/uploads\/2021\/01\/711ff3d37a2623dddef6d18c229d85e9.jpg\",\"contentUrl\":\"https:\/\/www.vertical-roller-mill.com\/wp-content\/uploads\/2021\/01\/711ff3d37a2623dddef6d18c229d85e9.jpg\",\"width\":720,\"height\":540},{\"@type\":\"BreadcrumbList\",\"@id\":\"https:\/\/www.vertical-roller-mill.com\/product\/a-heavy-calcium-carbonate-ball-mill-and-grading-modification-production-line-in-a-mineral-factory\/#breadcrumb\",\"itemListElement\":[{\"@type\":\"ListItem\",\"position\":1,\"name\":\"\u9996\u9875\",\"item\":\"https:\/\/www.vertical-roller-mill.com\/\"},{\"@type\":\"ListItem\",\"position\":2,\"name\":\"Cases\",\"item\":\"https:\/\/www.vertical-roller-mill.com\/products\/\"},{\"@type\":\"ListItem\",\"position\":3,\"name\":\"A heavy calcium carbonate ball mill and grading + modification production line in a mineral factory\"}]},{\"@type\":\"WebSite\",\"@id\":\"https:\/\/www.vertical-roller-mill.com\/#website\",\"url\":\"https:\/\/www.vertical-roller-mill.com\/\",\"name\":\"Ring Roller Mill\",\"description\":\"Mineral Grinding Ring Roller Mill\",\"publisher\":{\"@id\":\"https:\/\/www.vertical-roller-mill.com\/#organization\"},\"potentialAction\":[{\"@type\":\"SearchAction\",\"target\":{\"@type\":\"EntryPoint\",\"urlTemplate\":\"https:\/\/www.vertical-roller-mill.com\/?s={search_term_string}\"},\"query-input\":{\"@type\":\"PropertyValueSpecification\",\"valueRequired\":true,\"valueName\":\"search_term_string\"}}],\"inLanguage\":\"pt-PT\"},{\"@type\":\"Organization\",\"@id\":\"https:\/\/www.vertical-roller-mill.com\/#organization\",\"name\":\"Ring Roller Mill\",\"url\":\"https:\/\/www.vertical-roller-mill.com\/\",\"logo\":{\"@type\":\"ImageObject\",\"inLanguage\":\"pt-PT\",\"@id\":\"https:\/\/www.vertical-roller-mill.com\/#\/schema\/logo\/image\/\",\"url\":\"https:\/\/www.vertical-roller-mill.com\/wp-content\/uploads\/2023\/08\/cropped-logo2.png\",\"contentUrl\":\"https:\/\/www.vertical-roller-mill.com\/wp-content\/uploads\/2023\/08\/cropped-logo2.png\",\"width\":322,\"height\":78,\"caption\":\"Ring Roller Mill\"},\"image\":{\"@id\":\"https:\/\/www.vertical-roller-mill.com\/#\/schema\/logo\/image\/\"}}]}<\/script>\n<!-- \/ Yoast SEO plugin. -->","yoast_head_json":{"title":"A heavy calcium carbonate ball mill and grading + modification production line in a mineral factory - Ring Roller Mill","robots":{"index":"index","follow":"follow","max-snippet":"max-snippet:-1","max-image-preview":"max-image-preview:large","max-video-preview":"max-video-preview:-1"},"canonical":"https:\/\/www.vertical-roller-mill.com\/pt\/produto\/a-heavy-calcium-carbonate-ball-mill-and-grading-modification-production-line-in-a-mineral-factory\/","og_locale":"pt_PT","og_type":"article","og_title":"A heavy calcium carbonate ball mill and grading + modification production line in a mineral factory - Ring Roller Mill","og_description":"Materials: GCC    Granularity: D97:10\u03bcm    Output: 750kg\/h","og_url":"https:\/\/www.vertical-roller-mill.com\/pt\/produto\/a-heavy-calcium-carbonate-ball-mill-and-grading-modification-production-line-in-a-mineral-factory\/","og_site_name":"Ring Roller Mill","article_modified_time":"2023-08-14T03:31:31+00:00","og_image":[{"width":720,"height":540,"url":"https:\/\/www.vertical-roller-mill.com\/wp-content\/uploads\/2021\/01\/711ff3d37a2623dddef6d18c229d85e9.jpg","type":"image\/jpeg"}],"twitter_card":"summary_large_image","schema":{"@context":"https:\/\/schema.org","@graph":[{"@type":"WebPage","@id":"https:\/\/www.vertical-roller-mill.com\/product\/a-heavy-calcium-carbonate-ball-mill-and-grading-modification-production-line-in-a-mineral-factory\/","url":"https:\/\/www.vertical-roller-mill.com\/product\/a-heavy-calcium-carbonate-ball-mill-and-grading-modification-production-line-in-a-mineral-factory\/","name":"A heavy calcium carbonate ball mill and grading + modification production line in a mineral factory - Ring Roller Mill","isPartOf":{"@id":"https:\/\/www.vertical-roller-mill.com\/#website"},"primaryImageOfPage":{"@id":"https:\/\/www.vertical-roller-mill.com\/product\/a-heavy-calcium-carbonate-ball-mill-and-grading-modification-production-line-in-a-mineral-factory\/#primaryimage"},"image":{"@id":"https:\/\/www.vertical-roller-mill.com\/product\/a-heavy-calcium-carbonate-ball-mill-and-grading-modification-production-line-in-a-mineral-factory\/#primaryimage"},"thumbnailUrl":"https:\/\/www.vertical-roller-mill.com\/wp-content\/uploads\/2021\/01\/711ff3d37a2623dddef6d18c229d85e9.jpg","datePublished":"2021-01-16T12:45:42+00:00","dateModified":"2023-08-14T03:31:31+00:00","breadcrumb":{"@id":"https:\/\/www.vertical-roller-mill.com\/product\/a-heavy-calcium-carbonate-ball-mill-and-grading-modification-production-line-in-a-mineral-factory\/#breadcrumb"},"inLanguage":"pt-PT","potentialAction":[{"@type":"ReadAction","target":["https:\/\/www.vertical-roller-mill.com\/product\/a-heavy-calcium-carbonate-ball-mill-and-grading-modification-production-line-in-a-mineral-factory\/"]}]},{"@type":"ImageObject","inLanguage":"pt-PT","@id":"https:\/\/www.vertical-roller-mill.com\/product\/a-heavy-calcium-carbonate-ball-mill-and-grading-modification-production-line-in-a-mineral-factory\/#primaryimage","url":"https:\/\/www.vertical-roller-mill.com\/wp-content\/uploads\/2021\/01\/711ff3d37a2623dddef6d18c229d85e9.jpg","contentUrl":"https:\/\/www.vertical-roller-mill.com\/wp-content\/uploads\/2021\/01\/711ff3d37a2623dddef6d18c229d85e9.jpg","width":720,"height":540},{"@type":"BreadcrumbList","@id":"https:\/\/www.vertical-roller-mill.com\/product\/a-heavy-calcium-carbonate-ball-mill-and-grading-modification-production-line-in-a-mineral-factory\/#breadcrumb","itemListElement":[{"@type":"ListItem","position":1,"name":"\u9996\u9875","item":"https:\/\/www.vertical-roller-mill.com\/"},{"@type":"ListItem","position":2,"name":"Cases","item":"https:\/\/www.vertical-roller-mill.com\/products\/"},{"@type":"ListItem","position":3,"name":"A heavy calcium carbonate ball mill and grading + modification production line in a mineral factory"}]},{"@type":"WebSite","@id":"https:\/\/www.vertical-roller-mill.com\/#website","url":"https:\/\/www.vertical-roller-mill.com\/","name":"Ring Roller Mill","description":"Mineral Grinding Ring Roller Mill","publisher":{"@id":"https:\/\/www.vertical-roller-mill.com\/#organization"},"potentialAction":[{"@type":"SearchAction","target":{"@type":"EntryPoint","urlTemplate":"https:\/\/www.vertical-roller-mill.com\/?s={search_term_string}"},"query-input":{"@type":"PropertyValueSpecification","valueRequired":true,"valueName":"search_term_string"}}],"inLanguage":"pt-PT"},{"@type":"Organization","@id":"https:\/\/www.vertical-roller-mill.com\/#organization","name":"Ring Roller Mill","url":"https:\/\/www.vertical-roller-mill.com\/","logo":{"@type":"ImageObject","inLanguage":"pt-PT","@id":"https:\/\/www.vertical-roller-mill.com\/#\/schema\/logo\/image\/","url":"https:\/\/www.vertical-roller-mill.com\/wp-content\/uploads\/2023\/08\/cropped-logo2.png","contentUrl":"https:\/\/www.vertical-roller-mill.com\/wp-content\/uploads\/2023\/08\/cropped-logo2.png","width":322,"height":78,"caption":"Ring Roller Mill"},"image":{"@id":"https:\/\/www.vertical-roller-mill.com\/#\/schema\/logo\/image\/"}}]}},"acf":[],"_links":{"self":[{"href":"https:\/\/www.vertical-roller-mill.com\/pt\/wp-json\/wp\/v2\/product\/12300","targetHints":{"allow":["GET"]}}],"collection":[{"href":"https:\/\/www.vertical-roller-mill.com\/pt\/wp-json\/wp\/v2\/product"}],"about":[{"href":"https:\/\/www.vertical-roller-mill.com\/pt\/wp-json\/wp\/v2\/types\/product"}],"wp:featuredmedia":[{"embeddable":true,"href":"https:\/\/www.vertical-roller-mill.com\/pt\/wp-json\/wp\/v2\/media\/13631"}],"wp:attachment":[{"href":"https:\/\/www.vertical-roller-mill.com\/pt\/wp-json\/wp\/v2\/media?parent=12300"}],"wp:term":[{"taxonomy":"product_cat","embeddable":true,"href":"https:\/\/www.vertical-roller-mill.com\/pt\/wp-json\/wp\/v2\/product_cat?post=12300"},{"taxonomy":"product_tag","embeddable":true,"href":"https:\/\/www.vertical-roller-mill.com\/pt\/wp-json\/wp\/v2\/product_tag?post=12300"}],"curies":[{"name":"wp","href":"https:\/\/api.w.org\/{rel}","templated":true}]}}