{"id":12303,"date":"2021-01-16T13:06:57","date_gmt":"2021-01-16T13:06:57","guid":{"rendered":"https:\/\/ciyashop.potenzaglobalsolutions.com\/medical\/?post_type=product&#038;p=12303"},"modified":"2023-08-14T03:31:09","modified_gmt":"2023-08-14T03:31:09","slug":"800-mesh-barite-powder-srm-ultra-fine-ring-roller-mill-hunan-customer-production-line","status":"publish","type":"product","link":"https:\/\/www.vertical-roller-mill.com\/pt\/product\/800-mesh-barite-powder-srm-ultra-fine-ring-roller-mill-hunan-customer-production-line\/","title":{"rendered":"Linha de produ\u00e7\u00e3o do cliente de Hunan para moinho de rolos de anel ultrafino de p\u00f3 de barita de malha 800"},"content":{"rendered":"<p>A EPIC Powder Machinery fez uma visita de retorno ao cliente de Hunan do moinho de rolos de anel ultrafino SRM de p\u00f3 de barita de 800 malhas. O cliente produziu com sucesso p\u00f3 de barita de 325 malhas, 400 malhas e 800 malhas ou mais desde que foi colocado em opera\u00e7\u00e3o em mar\u00e7o de 2017. A linha de produ\u00e7\u00e3o do moinho ultrafino de barita HCH est\u00e1 funcionando de forma est\u00e1vel. Como uma das \u00e1reas produtoras de barita na China, Hunan \u00e9 rica em recursos de barita. Os clientes usam os direitos de minera\u00e7\u00e3o de direitos de propriedade para conduzir a revis\u00e3o de prote\u00e7\u00e3o ambiental relevante e constru\u00e7\u00e3o de projetos. A produ\u00e7\u00e3o atual \u00e9 est\u00e1vel.<\/p>","protected":false},"excerpt":{"rendered":"<div class=\"project-details__info-single\">\n<h5 class=\"project-details__info-client\">Materiais:<\/h5>\n<p class=\"project-details__info-name\">barita<\/p>\n<\/div>\n<div class=\"project-details__info-single\">\n<h5 class=\"project-details__info-client\">Granularidade:<\/h5>\n<p class=\"project-details__info-name\">325 malhas, 400 malhas, 800 malhas<\/p>\n<\/div>\n<div class=\"project-details__info-single\">\n<h5 class=\"project-details__info-client\">Sa\u00edda:<\/h5>\n<p class=\"project-details__info-name\">2,6 t\/h<\/p>\n<\/div>","protected":false},"featured_media":13629,"template":"","meta":{"site-sidebar-layout":"default","site-content-layout":"default","ast-site-content-layout":"","site-content-style":"default","site-sidebar-style":"default","ast-global-header-display":"","ast-banner-title-visibility":"","ast-main-header-display":"","ast-hfb-above-header-display":"","ast-hfb-below-header-display":"","ast-hfb-mobile-header-display":"","site-post-title":"","ast-breadcrumbs-content":"","ast-featured-img":"","footer-sml-layout":"","theme-transparent-header-meta":"default","adv-header-id-meta":"","stick-header-meta":"default","header-above-stick-meta":"","header-main-stick-meta":"","header-below-stick-meta":"","astra-migrate-meta-layouts":"default","ast-page-background-enabled":"default","ast-page-background-meta":{"desktop":{"background-color":"","background-image":"","background-repeat":"repeat","background-position":"center center","background-size":"auto","background-attachment":"scroll","background-type":"","background-media":"","overlay-type":"","overlay-color":"","overlay-opacity":"","overlay-gradient":""},"tablet":{"background-color":"","background-image":"","background-repeat":"repeat","background-position":"center center","background-size":"auto","background-attachment":"scroll","background-type":"","background-media":"","overlay-type":"","overlay-color":"","overlay-opacity":"","overlay-gradient":""},"mobile":{"background-color":"","background-image":"","background-repeat":"repeat","background-position":"center center","background-size":"auto","background-attachment":"scroll","background-type":"","background-media":"","overlay-type":"","overlay-color":"","overlay-opacity":"","overlay-gradient":""}},"ast-content-background-meta":{"desktop":{"background-color":"var(--ast-global-color-5)","background-image":"","background-repeat":"repeat","background-position":"center center","background-size":"auto","background-attachment":"scroll","background-type":"","background-media":"","overlay-type":"","overlay-color":"","overlay-opacity":"","overlay-gradient":""},"tablet":{"background-color":"var(--ast-global-color-5)","background-image":"","background-repeat":"repeat","background-position":"center center","background-size":"auto","background-attachment":"scroll","background-type":"","background-media":"","overlay-type":"","overlay-color":"","overlay-opacity":"","overlay-gradient":""},"mobile":{"background-color":"var(--ast-global-color-5)","background-image":"","background-repeat":"repeat","background-position":"center center","background-size":"auto","background-attachment":"scroll","background-type":"","background-media":"","overlay-type":"","overlay-color":"","overlay-opacity":"","overlay-gradient":""}}},"product_cat":[24],"product_tag":[],"class_list":{"0":"post-12303","1":"product","2":"type-product","3":"status-publish","4":"has-post-thumbnail","6":"product_cat-roller-mill","7":"desktop-align-center","8":"tablet-align-center","9":"mobile-align-center","10":"ast-product-gallery-layout-horizontal-slider","11":"ast-product-gallery-with-no-image","12":"ast-product-tabs-layout-horizontal","14":"first","15":"instock","16":"featured","17":"shipping-taxable","18":"product-type-simple"},"yoast_head":"<!-- This site is optimized with the Yoast SEO plugin v24.4 - https:\/\/yoast.com\/wordpress\/plugins\/seo\/ -->\n<title>800 mesh barite powder SRM ultra-fine ring roller mill Hunan customer production line - Ring Roller Mill<\/title>\n<meta name=\"robots\" content=\"index, follow, max-snippet:-1, max-image-preview:large, max-video-preview:-1\" \/>\n<link rel=\"canonical\" href=\"https:\/\/www.vertical-roller-mill.com\/pt\/produto\/800-mesh-barite-powder-srm-ultra-fine-ring-roller-mill-hunan-customer-production-line\/\" \/>\n<meta property=\"og:locale\" content=\"pt_PT\" \/>\n<meta property=\"og:type\" content=\"article\" \/>\n<meta property=\"og:title\" content=\"800 mesh barite powder SRM ultra-fine ring roller mill Hunan customer production line - Ring Roller Mill\" \/>\n<meta property=\"og:description\" content=\"Materials: barite    Granularity: 325mesh,400mesh,800mesh    Output: 2.6 t\/h\" \/>\n<meta property=\"og:url\" content=\"https:\/\/www.vertical-roller-mill.com\/pt\/produto\/800-mesh-barite-powder-srm-ultra-fine-ring-roller-mill-hunan-customer-production-line\/\" \/>\n<meta property=\"og:site_name\" content=\"Ring Roller Mill\" \/>\n<meta property=\"article:modified_time\" content=\"2023-08-14T03:31:09+00:00\" \/>\n<meta property=\"og:image\" content=\"https:\/\/www.vertical-roller-mill.com\/wp-content\/uploads\/2021\/01\/b48fc71e392295716647d646642ebb30.webp\" \/>\n\t<meta property=\"og:image:width\" content=\"720\" \/>\n\t<meta property=\"og:image:height\" content=\"540\" \/>\n\t<meta property=\"og:image:type\" content=\"image\/webp\" \/>\n<meta name=\"twitter:card\" content=\"summary_large_image\" \/>\n<script type=\"application\/ld+json\" class=\"yoast-schema-graph\">{\"@context\":\"https:\/\/schema.org\",\"@graph\":[{\"@type\":\"WebPage\",\"@id\":\"https:\/\/www.vertical-roller-mill.com\/product\/800-mesh-barite-powder-srm-ultra-fine-ring-roller-mill-hunan-customer-production-line\/\",\"url\":\"https:\/\/www.vertical-roller-mill.com\/product\/800-mesh-barite-powder-srm-ultra-fine-ring-roller-mill-hunan-customer-production-line\/\",\"name\":\"800 mesh barite powder SRM ultra-fine ring roller mill Hunan customer production line - Ring Roller Mill\",\"isPartOf\":{\"@id\":\"https:\/\/www.vertical-roller-mill.com\/#website\"},\"primaryImageOfPage\":{\"@id\":\"https:\/\/www.vertical-roller-mill.com\/product\/800-mesh-barite-powder-srm-ultra-fine-ring-roller-mill-hunan-customer-production-line\/#primaryimage\"},\"image\":{\"@id\":\"https:\/\/www.vertical-roller-mill.com\/product\/800-mesh-barite-powder-srm-ultra-fine-ring-roller-mill-hunan-customer-production-line\/#primaryimage\"},\"thumbnailUrl\":\"https:\/\/www.vertical-roller-mill.com\/wp-content\/uploads\/2021\/01\/b48fc71e392295716647d646642ebb30.webp\",\"datePublished\":\"2021-01-16T13:06:57+00:00\",\"dateModified\":\"2023-08-14T03:31:09+00:00\",\"breadcrumb\":{\"@id\":\"https:\/\/www.vertical-roller-mill.com\/product\/800-mesh-barite-powder-srm-ultra-fine-ring-roller-mill-hunan-customer-production-line\/#breadcrumb\"},\"inLanguage\":\"pt-PT\",\"potentialAction\":[{\"@type\":\"ReadAction\",\"target\":[\"https:\/\/www.vertical-roller-mill.com\/product\/800-mesh-barite-powder-srm-ultra-fine-ring-roller-mill-hunan-customer-production-line\/\"]}]},{\"@type\":\"ImageObject\",\"inLanguage\":\"pt-PT\",\"@id\":\"https:\/\/www.vertical-roller-mill.com\/product\/800-mesh-barite-powder-srm-ultra-fine-ring-roller-mill-hunan-customer-production-line\/#primaryimage\",\"url\":\"https:\/\/www.vertical-roller-mill.com\/wp-content\/uploads\/2021\/01\/b48fc71e392295716647d646642ebb30.webp\",\"contentUrl\":\"https:\/\/www.vertical-roller-mill.com\/wp-content\/uploads\/2021\/01\/b48fc71e392295716647d646642ebb30.webp\",\"width\":720,\"height\":540,\"caption\":\"Calcium carbonate ring roller mill production line\"},{\"@type\":\"BreadcrumbList\",\"@id\":\"https:\/\/www.vertical-roller-mill.com\/product\/800-mesh-barite-powder-srm-ultra-fine-ring-roller-mill-hunan-customer-production-line\/#breadcrumb\",\"itemListElement\":[{\"@type\":\"ListItem\",\"position\":1,\"name\":\"\u9996\u9875\",\"item\":\"https:\/\/www.vertical-roller-mill.com\/\"},{\"@type\":\"ListItem\",\"position\":2,\"name\":\"Cases\",\"item\":\"https:\/\/www.vertical-roller-mill.com\/products\/\"},{\"@type\":\"ListItem\",\"position\":3,\"name\":\"800 mesh barite powder SRM ultra-fine ring roller mill Hunan customer production line\"}]},{\"@type\":\"WebSite\",\"@id\":\"https:\/\/www.vertical-roller-mill.com\/#website\",\"url\":\"https:\/\/www.vertical-roller-mill.com\/\",\"name\":\"Ring Roller Mill\",\"description\":\"Mineral Grinding Ring Roller Mill\",\"publisher\":{\"@id\":\"https:\/\/www.vertical-roller-mill.com\/#organization\"},\"potentialAction\":[{\"@type\":\"SearchAction\",\"target\":{\"@type\":\"EntryPoint\",\"urlTemplate\":\"https:\/\/www.vertical-roller-mill.com\/?s={search_term_string}\"},\"query-input\":{\"@type\":\"PropertyValueSpecification\",\"valueRequired\":true,\"valueName\":\"search_term_string\"}}],\"inLanguage\":\"pt-PT\"},{\"@type\":\"Organization\",\"@id\":\"https:\/\/www.vertical-roller-mill.com\/#organization\",\"name\":\"Ring Roller Mill\",\"url\":\"https:\/\/www.vertical-roller-mill.com\/\",\"logo\":{\"@type\":\"ImageObject\",\"inLanguage\":\"pt-PT\",\"@id\":\"https:\/\/www.vertical-roller-mill.com\/#\/schema\/logo\/image\/\",\"url\":\"https:\/\/www.vertical-roller-mill.com\/wp-content\/uploads\/2023\/08\/cropped-logo2.png\",\"contentUrl\":\"https:\/\/www.vertical-roller-mill.com\/wp-content\/uploads\/2023\/08\/cropped-logo2.png\",\"width\":322,\"height\":78,\"caption\":\"Ring Roller Mill\"},\"image\":{\"@id\":\"https:\/\/www.vertical-roller-mill.com\/#\/schema\/logo\/image\/\"}}]}<\/script>\n<!-- \/ Yoast SEO plugin. -->","yoast_head_json":{"title":"800 mesh barite powder SRM ultra-fine ring roller mill Hunan customer production line - Ring Roller Mill","robots":{"index":"index","follow":"follow","max-snippet":"max-snippet:-1","max-image-preview":"max-image-preview:large","max-video-preview":"max-video-preview:-1"},"canonical":"https:\/\/www.vertical-roller-mill.com\/pt\/produto\/800-mesh-barite-powder-srm-ultra-fine-ring-roller-mill-hunan-customer-production-line\/","og_locale":"pt_PT","og_type":"article","og_title":"800 mesh barite powder SRM ultra-fine ring roller mill Hunan customer production line - Ring Roller Mill","og_description":"Materials: barite    Granularity: 325mesh,400mesh,800mesh    Output: 2.6 t\/h","og_url":"https:\/\/www.vertical-roller-mill.com\/pt\/produto\/800-mesh-barite-powder-srm-ultra-fine-ring-roller-mill-hunan-customer-production-line\/","og_site_name":"Ring Roller Mill","article_modified_time":"2023-08-14T03:31:09+00:00","og_image":[{"width":720,"height":540,"url":"https:\/\/www.vertical-roller-mill.com\/wp-content\/uploads\/2021\/01\/b48fc71e392295716647d646642ebb30.webp","type":"image\/webp"}],"twitter_card":"summary_large_image","schema":{"@context":"https:\/\/schema.org","@graph":[{"@type":"WebPage","@id":"https:\/\/www.vertical-roller-mill.com\/product\/800-mesh-barite-powder-srm-ultra-fine-ring-roller-mill-hunan-customer-production-line\/","url":"https:\/\/www.vertical-roller-mill.com\/product\/800-mesh-barite-powder-srm-ultra-fine-ring-roller-mill-hunan-customer-production-line\/","name":"800 mesh barite powder SRM ultra-fine ring roller mill Hunan customer production line - Ring Roller Mill","isPartOf":{"@id":"https:\/\/www.vertical-roller-mill.com\/#website"},"primaryImageOfPage":{"@id":"https:\/\/www.vertical-roller-mill.com\/product\/800-mesh-barite-powder-srm-ultra-fine-ring-roller-mill-hunan-customer-production-line\/#primaryimage"},"image":{"@id":"https:\/\/www.vertical-roller-mill.com\/product\/800-mesh-barite-powder-srm-ultra-fine-ring-roller-mill-hunan-customer-production-line\/#primaryimage"},"thumbnailUrl":"https:\/\/www.vertical-roller-mill.com\/wp-content\/uploads\/2021\/01\/b48fc71e392295716647d646642ebb30.webp","datePublished":"2021-01-16T13:06:57+00:00","dateModified":"2023-08-14T03:31:09+00:00","breadcrumb":{"@id":"https:\/\/www.vertical-roller-mill.com\/product\/800-mesh-barite-powder-srm-ultra-fine-ring-roller-mill-hunan-customer-production-line\/#breadcrumb"},"inLanguage":"pt-PT","potentialAction":[{"@type":"ReadAction","target":["https:\/\/www.vertical-roller-mill.com\/product\/800-mesh-barite-powder-srm-ultra-fine-ring-roller-mill-hunan-customer-production-line\/"]}]},{"@type":"ImageObject","inLanguage":"pt-PT","@id":"https:\/\/www.vertical-roller-mill.com\/product\/800-mesh-barite-powder-srm-ultra-fine-ring-roller-mill-hunan-customer-production-line\/#primaryimage","url":"https:\/\/www.vertical-roller-mill.com\/wp-content\/uploads\/2021\/01\/b48fc71e392295716647d646642ebb30.webp","contentUrl":"https:\/\/www.vertical-roller-mill.com\/wp-content\/uploads\/2021\/01\/b48fc71e392295716647d646642ebb30.webp","width":720,"height":540,"caption":"Calcium carbonate ring roller mill production line"},{"@type":"BreadcrumbList","@id":"https:\/\/www.vertical-roller-mill.com\/product\/800-mesh-barite-powder-srm-ultra-fine-ring-roller-mill-hunan-customer-production-line\/#breadcrumb","itemListElement":[{"@type":"ListItem","position":1,"name":"\u9996\u9875","item":"https:\/\/www.vertical-roller-mill.com\/"},{"@type":"ListItem","position":2,"name":"Cases","item":"https:\/\/www.vertical-roller-mill.com\/products\/"},{"@type":"ListItem","position":3,"name":"800 mesh barite powder SRM ultra-fine ring roller mill Hunan customer production line"}]},{"@type":"WebSite","@id":"https:\/\/www.vertical-roller-mill.com\/#website","url":"https:\/\/www.vertical-roller-mill.com\/","name":"Ring Roller Mill","description":"Mineral Grinding Ring Roller Mill","publisher":{"@id":"https:\/\/www.vertical-roller-mill.com\/#organization"},"potentialAction":[{"@type":"SearchAction","target":{"@type":"EntryPoint","urlTemplate":"https:\/\/www.vertical-roller-mill.com\/?s={search_term_string}"},"query-input":{"@type":"PropertyValueSpecification","valueRequired":true,"valueName":"search_term_string"}}],"inLanguage":"pt-PT"},{"@type":"Organization","@id":"https:\/\/www.vertical-roller-mill.com\/#organization","name":"Ring Roller Mill","url":"https:\/\/www.vertical-roller-mill.com\/","logo":{"@type":"ImageObject","inLanguage":"pt-PT","@id":"https:\/\/www.vertical-roller-mill.com\/#\/schema\/logo\/image\/","url":"https:\/\/www.vertical-roller-mill.com\/wp-content\/uploads\/2023\/08\/cropped-logo2.png","contentUrl":"https:\/\/www.vertical-roller-mill.com\/wp-content\/uploads\/2023\/08\/cropped-logo2.png","width":322,"height":78,"caption":"Ring Roller Mill"},"image":{"@id":"https:\/\/www.vertical-roller-mill.com\/#\/schema\/logo\/image\/"}}]}},"acf":[],"_links":{"self":[{"href":"https:\/\/www.vertical-roller-mill.com\/pt\/wp-json\/wp\/v2\/product\/12303","targetHints":{"allow":["GET"]}}],"collection":[{"href":"https:\/\/www.vertical-roller-mill.com\/pt\/wp-json\/wp\/v2\/product"}],"about":[{"href":"https:\/\/www.vertical-roller-mill.com\/pt\/wp-json\/wp\/v2\/types\/product"}],"wp:featuredmedia":[{"embeddable":true,"href":"https:\/\/www.vertical-roller-mill.com\/pt\/wp-json\/wp\/v2\/media\/13629"}],"wp:attachment":[{"href":"https:\/\/www.vertical-roller-mill.com\/pt\/wp-json\/wp\/v2\/media?parent=12303"}],"wp:term":[{"taxonomy":"product_cat","embeddable":true,"href":"https:\/\/www.vertical-roller-mill.com\/pt\/wp-json\/wp\/v2\/product_cat?post=12303"},{"taxonomy":"product_tag","embeddable":true,"href":"https:\/\/www.vertical-roller-mill.com\/pt\/wp-json\/wp\/v2\/product_tag?post=12303"}],"curies":[{"name":"wp","href":"https:\/\/api.w.org\/{rel}","templated":true}]}}