{"id":12284,"date":"2021-01-16T12:12:27","date_gmt":"2021-01-16T12:12:27","guid":{"rendered":"https:\/\/ciyashop.potenzaglobalsolutions.com\/medical\/?post_type=product&#038;p=12284"},"modified":"2023-08-14T03:32:57","modified_gmt":"2023-08-14T03:32:57","slug":"air-classifier-production-line-for-quartz-powder-of-a-mining-mineral-factory-in-guangdong","status":"publish","type":"product","link":"https:\/\/www.vertical-roller-mill.com\/vi\/product\/air-classifier-production-line-for-quartz-powder-of-a-mining-mineral-factory-in-guangdong\/","title":{"rendered":"D\u00e2y chuy\u1ec1n s\u1ea3n xu\u1ea5t m\u00e1y ph\u00e2n lo\u1ea1i kh\u00ed cho b\u1ed9t th\u1ea1ch anh c\u1ee7a m\u1ed9t nh\u00e0 m\u00e1y khai th\u00e1c kho\u00e1ng s\u1ea3n \u1edf Qu\u1ea3ng \u0110\u00f4ng"},"content":{"rendered":"<p>During the expansion of production, the customer learned that EPIC Powder Machinery has rich experience in quartz ball mill grading processing industry through peers, and purchased two sets of airflow classifier production lines through investigation and comparison, and now it has become a high-quality customer of EPIC Powder Machinery.<\/p>","protected":false},"excerpt":{"rendered":"<div class=\"project-details__info-single\">\n<h5 class=\"project-details__info-client\">Nguy\u00ean v\u1eadt li\u1ec7u:<\/h5>\n<p class=\"project-details__info-name\">Quartz<\/p>\n<\/div>\n<div class=\"project-details__info-single\">\n<h5 class=\"project-details__info-client\">\u0110\u1ed9 chi ti\u1ebft:<\/h5>\n<p class=\"project-details__info-name\">D97:39.6\u03bcm<\/p>\n<\/div>\n<div class=\"project-details__info-single\">\n<h5 class=\"project-details__info-client\">\u0110\u1ea7u ra:<\/h5>\n<p class=\"project-details__info-name\">50000t\/y<\/p>\n<\/div>","protected":false},"featured_media":13637,"template":"","meta":{"site-sidebar-layout":"default","site-content-layout":"default","ast-site-content-layout":"","site-content-style":"default","site-sidebar-style":"default","ast-global-header-display":"","ast-banner-title-visibility":"","ast-main-header-display":"","ast-hfb-above-header-display":"","ast-hfb-below-header-display":"","ast-hfb-mobile-header-display":"","site-post-title":"","ast-breadcrumbs-content":"","ast-featured-img":"","footer-sml-layout":"","theme-transparent-header-meta":"default","adv-header-id-meta":"","stick-header-meta":"default","header-above-stick-meta":"","header-main-stick-meta":"","header-below-stick-meta":"","astra-migrate-meta-layouts":"default","ast-page-background-enabled":"default","ast-page-background-meta":{"desktop":{"background-color":"","background-image":"","background-repeat":"repeat","background-position":"center center","background-size":"auto","background-attachment":"scroll","background-type":"","background-media":"","overlay-type":"","overlay-color":"","overlay-opacity":"","overlay-gradient":""},"tablet":{"background-color":"","background-image":"","background-repeat":"repeat","background-position":"center center","background-size":"auto","background-attachment":"scroll","background-type":"","background-media":"","overlay-type":"","overlay-color":"","overlay-opacity":"","overlay-gradient":""},"mobile":{"background-color":"","background-image":"","background-repeat":"repeat","background-position":"center center","background-size":"auto","background-attachment":"scroll","background-type":"","background-media":"","overlay-type":"","overlay-color":"","overlay-opacity":"","overlay-gradient":""}},"ast-content-background-meta":{"desktop":{"background-color":"var(--ast-global-color-5)","background-image":"","background-repeat":"repeat","background-position":"center center","background-size":"auto","background-attachment":"scroll","background-type":"","background-media":"","overlay-type":"","overlay-color":"","overlay-opacity":"","overlay-gradient":""},"tablet":{"background-color":"var(--ast-global-color-5)","background-image":"","background-repeat":"repeat","background-position":"center center","background-size":"auto","background-attachment":"scroll","background-type":"","background-media":"","overlay-type":"","overlay-color":"","overlay-opacity":"","overlay-gradient":""},"mobile":{"background-color":"var(--ast-global-color-5)","background-image":"","background-repeat":"repeat","background-position":"center center","background-size":"auto","background-attachment":"scroll","background-type":"","background-media":"","overlay-type":"","overlay-color":"","overlay-opacity":"","overlay-gradient":""}}},"product_cat":[24],"product_tag":[],"class_list":{"0":"post-12284","1":"product","2":"type-product","3":"status-publish","4":"has-post-thumbnail","6":"product_cat-roller-mill","7":"desktop-align-center","8":"tablet-align-center","9":"mobile-align-center","10":"ast-product-gallery-layout-horizontal-slider","11":"ast-product-gallery-with-no-image","12":"ast-product-tabs-layout-horizontal","14":"first","15":"instock","16":"shipping-taxable","17":"product-type-simple"},"yoast_head":"<!-- This site is optimized with the Yoast SEO plugin v24.4 - https:\/\/yoast.com\/wordpress\/plugins\/seo\/ -->\n<title>Air Classifier production line for Quartz powder of a mining mineral factory in Guangdong - Ring Roller Mill<\/title>\n<meta name=\"robots\" content=\"index, follow, max-snippet:-1, max-image-preview:large, max-video-preview:-1\" \/>\n<link rel=\"canonical\" href=\"https:\/\/www.vertical-roller-mill.com\/vi\/san-pham\/air-classifier-production-line-for-quartz-powder-of-a-mining-mineral-factory-in-guangdong\/\" \/>\n<meta property=\"og:locale\" content=\"vi_VN\" \/>\n<meta property=\"og:type\" content=\"article\" \/>\n<meta property=\"og:title\" content=\"Air Classifier production line for Quartz powder of a mining mineral factory in Guangdong - Ring Roller Mill\" \/>\n<meta property=\"og:description\" content=\"Materials: Quartz    Granularity: D97:39.6\u03bcm    Output: 50000t\/y\" \/>\n<meta property=\"og:url\" content=\"https:\/\/www.vertical-roller-mill.com\/vi\/san-pham\/air-classifier-production-line-for-quartz-powder-of-a-mining-mineral-factory-in-guangdong\/\" \/>\n<meta property=\"og:site_name\" content=\"Ring Roller Mill\" \/>\n<meta property=\"article:modified_time\" content=\"2023-08-14T03:32:57+00:00\" \/>\n<meta property=\"og:image\" content=\"https:\/\/www.vertical-roller-mill.com\/wp-content\/uploads\/2021\/01\/ITC3.webp\" \/>\n\t<meta property=\"og:image:width\" content=\"800\" \/>\n\t<meta property=\"og:image:height\" content=\"600\" \/>\n\t<meta property=\"og:image:type\" content=\"image\/webp\" \/>\n<meta name=\"twitter:card\" content=\"summary_large_image\" \/>\n<script type=\"application\/ld+json\" class=\"yoast-schema-graph\">{\"@context\":\"https:\/\/schema.org\",\"@graph\":[{\"@type\":\"WebPage\",\"@id\":\"https:\/\/www.vertical-roller-mill.com\/product\/air-classifier-production-line-for-quartz-powder-of-a-mining-mineral-factory-in-guangdong\/\",\"url\":\"https:\/\/www.vertical-roller-mill.com\/product\/air-classifier-production-line-for-quartz-powder-of-a-mining-mineral-factory-in-guangdong\/\",\"name\":\"Air Classifier production line for Quartz powder of a mining mineral factory in Guangdong - Ring Roller Mill\",\"isPartOf\":{\"@id\":\"https:\/\/www.vertical-roller-mill.com\/#website\"},\"primaryImageOfPage\":{\"@id\":\"https:\/\/www.vertical-roller-mill.com\/product\/air-classifier-production-line-for-quartz-powder-of-a-mining-mineral-factory-in-guangdong\/#primaryimage\"},\"image\":{\"@id\":\"https:\/\/www.vertical-roller-mill.com\/product\/air-classifier-production-line-for-quartz-powder-of-a-mining-mineral-factory-in-guangdong\/#primaryimage\"},\"thumbnailUrl\":\"https:\/\/www.vertical-roller-mill.com\/wp-content\/uploads\/2021\/01\/ITC3.webp\",\"datePublished\":\"2021-01-16T12:12:27+00:00\",\"dateModified\":\"2023-08-14T03:32:57+00:00\",\"breadcrumb\":{\"@id\":\"https:\/\/www.vertical-roller-mill.com\/product\/air-classifier-production-line-for-quartz-powder-of-a-mining-mineral-factory-in-guangdong\/#breadcrumb\"},\"inLanguage\":\"vi\",\"potentialAction\":[{\"@type\":\"ReadAction\",\"target\":[\"https:\/\/www.vertical-roller-mill.com\/product\/air-classifier-production-line-for-quartz-powder-of-a-mining-mineral-factory-in-guangdong\/\"]}]},{\"@type\":\"ImageObject\",\"inLanguage\":\"vi\",\"@id\":\"https:\/\/www.vertical-roller-mill.com\/product\/air-classifier-production-line-for-quartz-powder-of-a-mining-mineral-factory-in-guangdong\/#primaryimage\",\"url\":\"https:\/\/www.vertical-roller-mill.com\/wp-content\/uploads\/2021\/01\/ITC3.webp\",\"contentUrl\":\"https:\/\/www.vertical-roller-mill.com\/wp-content\/uploads\/2021\/01\/ITC3.webp\",\"width\":800,\"height\":600},{\"@type\":\"BreadcrumbList\",\"@id\":\"https:\/\/www.vertical-roller-mill.com\/product\/air-classifier-production-line-for-quartz-powder-of-a-mining-mineral-factory-in-guangdong\/#breadcrumb\",\"itemListElement\":[{\"@type\":\"ListItem\",\"position\":1,\"name\":\"\u9996\u9875\",\"item\":\"https:\/\/www.vertical-roller-mill.com\/\"},{\"@type\":\"ListItem\",\"position\":2,\"name\":\"Cases\",\"item\":\"https:\/\/www.vertical-roller-mill.com\/products\/\"},{\"@type\":\"ListItem\",\"position\":3,\"name\":\"Air Classifier production line for Quartz powder of a mining mineral factory in Guangdong\"}]},{\"@type\":\"WebSite\",\"@id\":\"https:\/\/www.vertical-roller-mill.com\/#website\",\"url\":\"https:\/\/www.vertical-roller-mill.com\/\",\"name\":\"Ring Roller Mill\",\"description\":\"Mineral Grinding Ring Roller Mill\",\"publisher\":{\"@id\":\"https:\/\/www.vertical-roller-mill.com\/#organization\"},\"potentialAction\":[{\"@type\":\"SearchAction\",\"target\":{\"@type\":\"EntryPoint\",\"urlTemplate\":\"https:\/\/www.vertical-roller-mill.com\/?s={search_term_string}\"},\"query-input\":{\"@type\":\"PropertyValueSpecification\",\"valueRequired\":true,\"valueName\":\"search_term_string\"}}],\"inLanguage\":\"vi\"},{\"@type\":\"Organization\",\"@id\":\"https:\/\/www.vertical-roller-mill.com\/#organization\",\"name\":\"Ring Roller Mill\",\"url\":\"https:\/\/www.vertical-roller-mill.com\/\",\"logo\":{\"@type\":\"ImageObject\",\"inLanguage\":\"vi\",\"@id\":\"https:\/\/www.vertical-roller-mill.com\/#\/schema\/logo\/image\/\",\"url\":\"https:\/\/www.vertical-roller-mill.com\/wp-content\/uploads\/2023\/08\/cropped-logo2.png\",\"contentUrl\":\"https:\/\/www.vertical-roller-mill.com\/wp-content\/uploads\/2023\/08\/cropped-logo2.png\",\"width\":322,\"height\":78,\"caption\":\"Ring Roller Mill\"},\"image\":{\"@id\":\"https:\/\/www.vertical-roller-mill.com\/#\/schema\/logo\/image\/\"}}]}<\/script>\n<!-- \/ Yoast SEO plugin. -->","yoast_head_json":{"title":"Air Classifier production line for Quartz powder of a mining mineral factory in Guangdong - Ring Roller Mill","robots":{"index":"index","follow":"follow","max-snippet":"max-snippet:-1","max-image-preview":"max-image-preview:large","max-video-preview":"max-video-preview:-1"},"canonical":"https:\/\/www.vertical-roller-mill.com\/vi\/san-pham\/air-classifier-production-line-for-quartz-powder-of-a-mining-mineral-factory-in-guangdong\/","og_locale":"vi_VN","og_type":"article","og_title":"Air Classifier production line for Quartz powder of a mining mineral factory in Guangdong - Ring Roller Mill","og_description":"Materials: Quartz    Granularity: D97:39.6\u03bcm    Output: 50000t\/y","og_url":"https:\/\/www.vertical-roller-mill.com\/vi\/san-pham\/air-classifier-production-line-for-quartz-powder-of-a-mining-mineral-factory-in-guangdong\/","og_site_name":"Ring Roller Mill","article_modified_time":"2023-08-14T03:32:57+00:00","og_image":[{"width":800,"height":600,"url":"https:\/\/www.vertical-roller-mill.com\/wp-content\/uploads\/2021\/01\/ITC3.webp","type":"image\/webp"}],"twitter_card":"summary_large_image","schema":{"@context":"https:\/\/schema.org","@graph":[{"@type":"WebPage","@id":"https:\/\/www.vertical-roller-mill.com\/product\/air-classifier-production-line-for-quartz-powder-of-a-mining-mineral-factory-in-guangdong\/","url":"https:\/\/www.vertical-roller-mill.com\/product\/air-classifier-production-line-for-quartz-powder-of-a-mining-mineral-factory-in-guangdong\/","name":"Air Classifier production line for Quartz powder of a mining mineral factory in Guangdong - Ring Roller Mill","isPartOf":{"@id":"https:\/\/www.vertical-roller-mill.com\/#website"},"primaryImageOfPage":{"@id":"https:\/\/www.vertical-roller-mill.com\/product\/air-classifier-production-line-for-quartz-powder-of-a-mining-mineral-factory-in-guangdong\/#primaryimage"},"image":{"@id":"https:\/\/www.vertical-roller-mill.com\/product\/air-classifier-production-line-for-quartz-powder-of-a-mining-mineral-factory-in-guangdong\/#primaryimage"},"thumbnailUrl":"https:\/\/www.vertical-roller-mill.com\/wp-content\/uploads\/2021\/01\/ITC3.webp","datePublished":"2021-01-16T12:12:27+00:00","dateModified":"2023-08-14T03:32:57+00:00","breadcrumb":{"@id":"https:\/\/www.vertical-roller-mill.com\/product\/air-classifier-production-line-for-quartz-powder-of-a-mining-mineral-factory-in-guangdong\/#breadcrumb"},"inLanguage":"vi","potentialAction":[{"@type":"ReadAction","target":["https:\/\/www.vertical-roller-mill.com\/product\/air-classifier-production-line-for-quartz-powder-of-a-mining-mineral-factory-in-guangdong\/"]}]},{"@type":"ImageObject","inLanguage":"vi","@id":"https:\/\/www.vertical-roller-mill.com\/product\/air-classifier-production-line-for-quartz-powder-of-a-mining-mineral-factory-in-guangdong\/#primaryimage","url":"https:\/\/www.vertical-roller-mill.com\/wp-content\/uploads\/2021\/01\/ITC3.webp","contentUrl":"https:\/\/www.vertical-roller-mill.com\/wp-content\/uploads\/2021\/01\/ITC3.webp","width":800,"height":600},{"@type":"BreadcrumbList","@id":"https:\/\/www.vertical-roller-mill.com\/product\/air-classifier-production-line-for-quartz-powder-of-a-mining-mineral-factory-in-guangdong\/#breadcrumb","itemListElement":[{"@type":"ListItem","position":1,"name":"\u9996\u9875","item":"https:\/\/www.vertical-roller-mill.com\/"},{"@type":"ListItem","position":2,"name":"Cases","item":"https:\/\/www.vertical-roller-mill.com\/products\/"},{"@type":"ListItem","position":3,"name":"Air Classifier production line for Quartz powder of a mining mineral factory in Guangdong"}]},{"@type":"WebSite","@id":"https:\/\/www.vertical-roller-mill.com\/#website","url":"https:\/\/www.vertical-roller-mill.com\/","name":"Ring Roller Mill","description":"Mineral Grinding Ring Roller Mill","publisher":{"@id":"https:\/\/www.vertical-roller-mill.com\/#organization"},"potentialAction":[{"@type":"SearchAction","target":{"@type":"EntryPoint","urlTemplate":"https:\/\/www.vertical-roller-mill.com\/?s={search_term_string}"},"query-input":{"@type":"PropertyValueSpecification","valueRequired":true,"valueName":"search_term_string"}}],"inLanguage":"vi"},{"@type":"Organization","@id":"https:\/\/www.vertical-roller-mill.com\/#organization","name":"Ring Roller Mill","url":"https:\/\/www.vertical-roller-mill.com\/","logo":{"@type":"ImageObject","inLanguage":"vi","@id":"https:\/\/www.vertical-roller-mill.com\/#\/schema\/logo\/image\/","url":"https:\/\/www.vertical-roller-mill.com\/wp-content\/uploads\/2023\/08\/cropped-logo2.png","contentUrl":"https:\/\/www.vertical-roller-mill.com\/wp-content\/uploads\/2023\/08\/cropped-logo2.png","width":322,"height":78,"caption":"Ring Roller Mill"},"image":{"@id":"https:\/\/www.vertical-roller-mill.com\/#\/schema\/logo\/image\/"}}]}},"acf":[],"_links":{"self":[{"href":"https:\/\/www.vertical-roller-mill.com\/vi\/wp-json\/wp\/v2\/product\/12284","targetHints":{"allow":["GET"]}}],"collection":[{"href":"https:\/\/www.vertical-roller-mill.com\/vi\/wp-json\/wp\/v2\/product"}],"about":[{"href":"https:\/\/www.vertical-roller-mill.com\/vi\/wp-json\/wp\/v2\/types\/product"}],"wp:featuredmedia":[{"embeddable":true,"href":"https:\/\/www.vertical-roller-mill.com\/vi\/wp-json\/wp\/v2\/media\/13637"}],"wp:attachment":[{"href":"https:\/\/www.vertical-roller-mill.com\/vi\/wp-json\/wp\/v2\/media?parent=12284"}],"wp:term":[{"taxonomy":"product_cat","embeddable":true,"href":"https:\/\/www.vertical-roller-mill.com\/vi\/wp-json\/wp\/v2\/product_cat?post=12284"},{"taxonomy":"product_tag","embeddable":true,"href":"https:\/\/www.vertical-roller-mill.com\/vi\/wp-json\/wp\/v2\/product_tag?post=12284"}],"curies":[{"name":"wp","href":"https:\/\/api.w.org\/{rel}","templated":true}]}}