{"id":12291,"date":"2021-01-16T12:26:18","date_gmt":"2021-01-16T12:26:18","guid":{"rendered":"https:\/\/ciyashop.potenzaglobalsolutions.com\/medical\/?post_type=product&#038;p=12291"},"modified":"2023-08-14T03:32:37","modified_gmt":"2023-08-14T03:32:37","slug":"calcium-carbonate-dispersion-modification-production-line","status":"publish","type":"product","link":"https:\/\/www.vertical-roller-mill.com\/vi\/san-pham\/calcium-carbonate-dispersion-modification-production-line\/","title":{"rendered":"d\u00e2y chuy\u1ec1n s\u1ea3n xu\u1ea5t bi\u1ebfn \u0111\u1ed5i ph\u00e2n t\u00e1n canxi cacbonat"},"content":{"rendered":"<p>Doanh nghi\u1ec7p n\u00e0y mu\u1ed1n t\u00ecm ki\u1ebfm m\u1ed9t lo\u1ea1i thi\u1ebft b\u1ecb c\u00f4ng ngh\u1ec7 ch\u1ebf bi\u1ebfn thu th\u1eadp v\u00e0 ph\u00e2n t\u00e1n v\u00e0 bi\u1ebfn \u0111\u1ed5i li\u00ean t\u1ee5c. Sau khi t\u00ecm hi\u1ec3u v\u1ec1 c\u00f4ng ngh\u1ec7 nghi\u1ec1n si\u00eau m\u1ecbn qu\u1eb7ng phi kim lo\u1ea1i c\u1ee7a EPIC Powder Machinery, nh\u00e0 m\u00e1y \u0111\u00e3 ti\u1ebfn h\u00e0nh \u0111i\u1ec1u tra v\u00e0 th\u1eed nghi\u1ec7m, cho r\u1eb1ng EPIC Powder c\u00f3 nhi\u1ec1u kinh nghi\u1ec7m h\u01a1n v\u00e0 quy tr\u00ecnh c\u0169ng kh\u00e9o l\u00e9o v\u00e0 tr\u01a1n tru, v\u00ec v\u1eady \u0111\u00e3 ch\u1ecdn h\u1ee3p t\u00e1c v\u1edbi EPIC Powder v\u00e0 mua hai b\u1ed9 thi\u1ebft b\u1ecb ph\u00e2n t\u00e1n v\u00e0 bi\u1ebfn \u0111\u1ed5i.<\/p>","protected":false},"excerpt":{"rendered":"<div class=\"project-details__info-single\">\n<h5 class=\"project-details__info-client\">Nguy\u00ean v\u1eadt li\u1ec7u:<\/h5>\n<p class=\"project-details__info-name\">Canxi cacbonat<\/p>\n<\/div>\n<div class=\"project-details__info-single\">\n<h5 class=\"project-details__info-client\">\u0110\u1ed9 chi ti\u1ebft:<\/h5>\n<p class=\"project-details__info-name\">D97:41,2\u03bcm<\/p>\n<\/div>\n<div class=\"project-details__info-single\">\n<h5 class=\"project-details__info-client\">\u0110\u1ea7u ra:<\/h5>\n<p class=\"project-details__info-name\">1t\/gi\u1edd<\/p>\n<\/div>","protected":false},"featured_media":13634,"template":"","meta":{"site-sidebar-layout":"default","site-content-layout":"default","ast-site-content-layout":"","site-content-style":"default","site-sidebar-style":"default","ast-global-header-display":"","ast-banner-title-visibility":"","ast-main-header-display":"","ast-hfb-above-header-display":"","ast-hfb-below-header-display":"","ast-hfb-mobile-header-display":"","site-post-title":"","ast-breadcrumbs-content":"","ast-featured-img":"","footer-sml-layout":"","theme-transparent-header-meta":"default","adv-header-id-meta":"","stick-header-meta":"default","header-above-stick-meta":"","header-main-stick-meta":"","header-below-stick-meta":"","astra-migrate-meta-layouts":"default","ast-page-background-enabled":"default","ast-page-background-meta":{"desktop":{"background-color":"","background-image":"","background-repeat":"repeat","background-position":"center center","background-size":"auto","background-attachment":"scroll","background-type":"","background-media":"","overlay-type":"","overlay-color":"","overlay-opacity":"","overlay-gradient":""},"tablet":{"background-color":"","background-image":"","background-repeat":"repeat","background-position":"center center","background-size":"auto","background-attachment":"scroll","background-type":"","background-media":"","overlay-type":"","overlay-color":"","overlay-opacity":"","overlay-gradient":""},"mobile":{"background-color":"","background-image":"","background-repeat":"repeat","background-position":"center center","background-size":"auto","background-attachment":"scroll","background-type":"","background-media":"","overlay-type":"","overlay-color":"","overlay-opacity":"","overlay-gradient":""}},"ast-content-background-meta":{"desktop":{"background-color":"var(--ast-global-color-5)","background-image":"","background-repeat":"repeat","background-position":"center center","background-size":"auto","background-attachment":"scroll","background-type":"","background-media":"","overlay-type":"","overlay-color":"","overlay-opacity":"","overlay-gradient":""},"tablet":{"background-color":"var(--ast-global-color-5)","background-image":"","background-repeat":"repeat","background-position":"center center","background-size":"auto","background-attachment":"scroll","background-type":"","background-media":"","overlay-type":"","overlay-color":"","overlay-opacity":"","overlay-gradient":""},"mobile":{"background-color":"var(--ast-global-color-5)","background-image":"","background-repeat":"repeat","background-position":"center center","background-size":"auto","background-attachment":"scroll","background-type":"","background-media":"","overlay-type":"","overlay-color":"","overlay-opacity":"","overlay-gradient":""}}},"product_cat":[24],"product_tag":[],"class_list":{"0":"post-12291","1":"product","2":"type-product","3":"status-publish","4":"has-post-thumbnail","6":"product_cat-roller-mill","7":"desktop-align-center","8":"tablet-align-center","9":"mobile-align-center","10":"ast-product-gallery-layout-horizontal-slider","11":"ast-product-gallery-with-no-image","12":"ast-product-tabs-layout-horizontal","14":"first","15":"instock","16":"featured","17":"shipping-taxable","18":"product-type-simple"},"yoast_head":"<!-- This site is optimized with the Yoast SEO plugin v24.4 - https:\/\/yoast.com\/wordpress\/plugins\/seo\/ -->\n<title>calcium carbonate dispersion modification production line - Ring Roller Mill<\/title>\n<meta name=\"robots\" content=\"index, follow, max-snippet:-1, max-image-preview:large, max-video-preview:-1\" \/>\n<link rel=\"canonical\" href=\"https:\/\/www.vertical-roller-mill.com\/vi\/san-pham\/calcium-carbonate-dispersion-modification-production-line\/\" \/>\n<meta property=\"og:locale\" content=\"vi_VN\" \/>\n<meta property=\"og:type\" content=\"article\" \/>\n<meta property=\"og:title\" content=\"calcium carbonate dispersion modification production line - Ring Roller Mill\" \/>\n<meta property=\"og:description\" content=\"Materials: Calcium carbonate    Granularity: D97:41.2\u03bcm    Output: 1t\/h\" \/>\n<meta property=\"og:url\" content=\"https:\/\/www.vertical-roller-mill.com\/vi\/san-pham\/calcium-carbonate-dispersion-modification-production-line\/\" \/>\n<meta property=\"og:site_name\" content=\"Ring Roller Mill\" \/>\n<meta property=\"article:modified_time\" content=\"2023-08-14T03:32:37+00:00\" \/>\n<meta property=\"og:image\" content=\"https:\/\/www.vertical-roller-mill.com\/wp-content\/uploads\/2021\/01\/47ca55161cd50b95cc49629b306d513e.jpg\" \/>\n\t<meta property=\"og:image:width\" content=\"720\" \/>\n\t<meta property=\"og:image:height\" content=\"540\" \/>\n\t<meta property=\"og:image:type\" content=\"image\/jpeg\" \/>\n<meta name=\"twitter:card\" content=\"summary_large_image\" \/>\n<script type=\"application\/ld+json\" class=\"yoast-schema-graph\">{\"@context\":\"https:\/\/schema.org\",\"@graph\":[{\"@type\":\"WebPage\",\"@id\":\"https:\/\/www.vertical-roller-mill.com\/product\/calcium-carbonate-dispersion-modification-production-line\/\",\"url\":\"https:\/\/www.vertical-roller-mill.com\/product\/calcium-carbonate-dispersion-modification-production-line\/\",\"name\":\"calcium carbonate dispersion modification production line - Ring Roller Mill\",\"isPartOf\":{\"@id\":\"https:\/\/www.vertical-roller-mill.com\/#website\"},\"primaryImageOfPage\":{\"@id\":\"https:\/\/www.vertical-roller-mill.com\/product\/calcium-carbonate-dispersion-modification-production-line\/#primaryimage\"},\"image\":{\"@id\":\"https:\/\/www.vertical-roller-mill.com\/product\/calcium-carbonate-dispersion-modification-production-line\/#primaryimage\"},\"thumbnailUrl\":\"https:\/\/www.vertical-roller-mill.com\/wp-content\/uploads\/2021\/01\/47ca55161cd50b95cc49629b306d513e.jpg\",\"datePublished\":\"2021-01-16T12:26:18+00:00\",\"dateModified\":\"2023-08-14T03:32:37+00:00\",\"breadcrumb\":{\"@id\":\"https:\/\/www.vertical-roller-mill.com\/product\/calcium-carbonate-dispersion-modification-production-line\/#breadcrumb\"},\"inLanguage\":\"vi\",\"potentialAction\":[{\"@type\":\"ReadAction\",\"target\":[\"https:\/\/www.vertical-roller-mill.com\/product\/calcium-carbonate-dispersion-modification-production-line\/\"]}]},{\"@type\":\"ImageObject\",\"inLanguage\":\"vi\",\"@id\":\"https:\/\/www.vertical-roller-mill.com\/product\/calcium-carbonate-dispersion-modification-production-line\/#primaryimage\",\"url\":\"https:\/\/www.vertical-roller-mill.com\/wp-content\/uploads\/2021\/01\/47ca55161cd50b95cc49629b306d513e.jpg\",\"contentUrl\":\"https:\/\/www.vertical-roller-mill.com\/wp-content\/uploads\/2021\/01\/47ca55161cd50b95cc49629b306d513e.jpg\",\"width\":720,\"height\":540},{\"@type\":\"BreadcrumbList\",\"@id\":\"https:\/\/www.vertical-roller-mill.com\/product\/calcium-carbonate-dispersion-modification-production-line\/#breadcrumb\",\"itemListElement\":[{\"@type\":\"ListItem\",\"position\":1,\"name\":\"\u9996\u9875\",\"item\":\"https:\/\/www.vertical-roller-mill.com\/\"},{\"@type\":\"ListItem\",\"position\":2,\"name\":\"Cases\",\"item\":\"https:\/\/www.vertical-roller-mill.com\/products\/\"},{\"@type\":\"ListItem\",\"position\":3,\"name\":\"calcium carbonate dispersion modification production line\"}]},{\"@type\":\"WebSite\",\"@id\":\"https:\/\/www.vertical-roller-mill.com\/#website\",\"url\":\"https:\/\/www.vertical-roller-mill.com\/\",\"name\":\"Ring Roller Mill\",\"description\":\"Mineral Grinding Ring Roller Mill\",\"publisher\":{\"@id\":\"https:\/\/www.vertical-roller-mill.com\/#organization\"},\"potentialAction\":[{\"@type\":\"SearchAction\",\"target\":{\"@type\":\"EntryPoint\",\"urlTemplate\":\"https:\/\/www.vertical-roller-mill.com\/?s={search_term_string}\"},\"query-input\":{\"@type\":\"PropertyValueSpecification\",\"valueRequired\":true,\"valueName\":\"search_term_string\"}}],\"inLanguage\":\"vi\"},{\"@type\":\"Organization\",\"@id\":\"https:\/\/www.vertical-roller-mill.com\/#organization\",\"name\":\"Ring Roller Mill\",\"url\":\"https:\/\/www.vertical-roller-mill.com\/\",\"logo\":{\"@type\":\"ImageObject\",\"inLanguage\":\"vi\",\"@id\":\"https:\/\/www.vertical-roller-mill.com\/#\/schema\/logo\/image\/\",\"url\":\"https:\/\/www.vertical-roller-mill.com\/wp-content\/uploads\/2023\/08\/cropped-logo2.png\",\"contentUrl\":\"https:\/\/www.vertical-roller-mill.com\/wp-content\/uploads\/2023\/08\/cropped-logo2.png\",\"width\":322,\"height\":78,\"caption\":\"Ring Roller Mill\"},\"image\":{\"@id\":\"https:\/\/www.vertical-roller-mill.com\/#\/schema\/logo\/image\/\"}}]}<\/script>\n<!-- \/ Yoast SEO plugin. -->","yoast_head_json":{"title":"calcium carbonate dispersion modification production line - Ring Roller Mill","robots":{"index":"index","follow":"follow","max-snippet":"max-snippet:-1","max-image-preview":"max-image-preview:large","max-video-preview":"max-video-preview:-1"},"canonical":"https:\/\/www.vertical-roller-mill.com\/vi\/san-pham\/calcium-carbonate-dispersion-modification-production-line\/","og_locale":"vi_VN","og_type":"article","og_title":"calcium carbonate dispersion modification production line - Ring Roller Mill","og_description":"Materials: Calcium carbonate    Granularity: D97:41.2\u03bcm    Output: 1t\/h","og_url":"https:\/\/www.vertical-roller-mill.com\/vi\/san-pham\/calcium-carbonate-dispersion-modification-production-line\/","og_site_name":"Ring Roller Mill","article_modified_time":"2023-08-14T03:32:37+00:00","og_image":[{"width":720,"height":540,"url":"https:\/\/www.vertical-roller-mill.com\/wp-content\/uploads\/2021\/01\/47ca55161cd50b95cc49629b306d513e.jpg","type":"image\/jpeg"}],"twitter_card":"summary_large_image","schema":{"@context":"https:\/\/schema.org","@graph":[{"@type":"WebPage","@id":"https:\/\/www.vertical-roller-mill.com\/product\/calcium-carbonate-dispersion-modification-production-line\/","url":"https:\/\/www.vertical-roller-mill.com\/product\/calcium-carbonate-dispersion-modification-production-line\/","name":"calcium carbonate dispersion modification production line - Ring Roller Mill","isPartOf":{"@id":"https:\/\/www.vertical-roller-mill.com\/#website"},"primaryImageOfPage":{"@id":"https:\/\/www.vertical-roller-mill.com\/product\/calcium-carbonate-dispersion-modification-production-line\/#primaryimage"},"image":{"@id":"https:\/\/www.vertical-roller-mill.com\/product\/calcium-carbonate-dispersion-modification-production-line\/#primaryimage"},"thumbnailUrl":"https:\/\/www.vertical-roller-mill.com\/wp-content\/uploads\/2021\/01\/47ca55161cd50b95cc49629b306d513e.jpg","datePublished":"2021-01-16T12:26:18+00:00","dateModified":"2023-08-14T03:32:37+00:00","breadcrumb":{"@id":"https:\/\/www.vertical-roller-mill.com\/product\/calcium-carbonate-dispersion-modification-production-line\/#breadcrumb"},"inLanguage":"vi","potentialAction":[{"@type":"ReadAction","target":["https:\/\/www.vertical-roller-mill.com\/product\/calcium-carbonate-dispersion-modification-production-line\/"]}]},{"@type":"ImageObject","inLanguage":"vi","@id":"https:\/\/www.vertical-roller-mill.com\/product\/calcium-carbonate-dispersion-modification-production-line\/#primaryimage","url":"https:\/\/www.vertical-roller-mill.com\/wp-content\/uploads\/2021\/01\/47ca55161cd50b95cc49629b306d513e.jpg","contentUrl":"https:\/\/www.vertical-roller-mill.com\/wp-content\/uploads\/2021\/01\/47ca55161cd50b95cc49629b306d513e.jpg","width":720,"height":540},{"@type":"BreadcrumbList","@id":"https:\/\/www.vertical-roller-mill.com\/product\/calcium-carbonate-dispersion-modification-production-line\/#breadcrumb","itemListElement":[{"@type":"ListItem","position":1,"name":"\u9996\u9875","item":"https:\/\/www.vertical-roller-mill.com\/"},{"@type":"ListItem","position":2,"name":"Cases","item":"https:\/\/www.vertical-roller-mill.com\/products\/"},{"@type":"ListItem","position":3,"name":"calcium carbonate dispersion modification production line"}]},{"@type":"WebSite","@id":"https:\/\/www.vertical-roller-mill.com\/#website","url":"https:\/\/www.vertical-roller-mill.com\/","name":"Ring Roller Mill","description":"Mineral Grinding Ring Roller Mill","publisher":{"@id":"https:\/\/www.vertical-roller-mill.com\/#organization"},"potentialAction":[{"@type":"SearchAction","target":{"@type":"EntryPoint","urlTemplate":"https:\/\/www.vertical-roller-mill.com\/?s={search_term_string}"},"query-input":{"@type":"PropertyValueSpecification","valueRequired":true,"valueName":"search_term_string"}}],"inLanguage":"vi"},{"@type":"Organization","@id":"https:\/\/www.vertical-roller-mill.com\/#organization","name":"Ring Roller Mill","url":"https:\/\/www.vertical-roller-mill.com\/","logo":{"@type":"ImageObject","inLanguage":"vi","@id":"https:\/\/www.vertical-roller-mill.com\/#\/schema\/logo\/image\/","url":"https:\/\/www.vertical-roller-mill.com\/wp-content\/uploads\/2023\/08\/cropped-logo2.png","contentUrl":"https:\/\/www.vertical-roller-mill.com\/wp-content\/uploads\/2023\/08\/cropped-logo2.png","width":322,"height":78,"caption":"Ring Roller Mill"},"image":{"@id":"https:\/\/www.vertical-roller-mill.com\/#\/schema\/logo\/image\/"}}]}},"acf":[],"_links":{"self":[{"href":"https:\/\/www.vertical-roller-mill.com\/vi\/wp-json\/wp\/v2\/product\/12291","targetHints":{"allow":["GET"]}}],"collection":[{"href":"https:\/\/www.vertical-roller-mill.com\/vi\/wp-json\/wp\/v2\/product"}],"about":[{"href":"https:\/\/www.vertical-roller-mill.com\/vi\/wp-json\/wp\/v2\/types\/product"}],"wp:featuredmedia":[{"embeddable":true,"href":"https:\/\/www.vertical-roller-mill.com\/vi\/wp-json\/wp\/v2\/media\/13634"}],"wp:attachment":[{"href":"https:\/\/www.vertical-roller-mill.com\/vi\/wp-json\/wp\/v2\/media?parent=12291"}],"wp:term":[{"taxonomy":"product_cat","embeddable":true,"href":"https:\/\/www.vertical-roller-mill.com\/vi\/wp-json\/wp\/v2\/product_cat?post=12291"},{"taxonomy":"product_tag","embeddable":true,"href":"https:\/\/www.vertical-roller-mill.com\/vi\/wp-json\/wp\/v2\/product_tag?post=12291"}],"curies":[{"name":"wp","href":"https:\/\/api.w.org\/{rel}","templated":true}]}}