{"id":12294,"date":"2021-01-16T12:36:30","date_gmt":"2021-01-16T12:36:30","guid":{"rendered":"https:\/\/ciyashop.potenzaglobalsolutions.com\/medical\/?post_type=product&#038;p=12294"},"modified":"2023-08-14T03:32:12","modified_gmt":"2023-08-14T03:32:12","slug":"customer-calcium-oxide-ring-roller-mill-production-line-project","status":"publish","type":"product","link":"https:\/\/www.vertical-roller-mill.com\/vi\/product\/customer-calcium-oxide-ring-roller-mill-production-line-project\/","title":{"rendered":"D\u1ef1 \u00e1n d\u00e2y chuy\u1ec1n s\u1ea3n xu\u1ea5t m\u00e1y nghi\u1ec1n v\u00f2ng oxit canxi c\u1ee7a kh\u00e1ch h\u00e0ng S\u01a1n T\u00e2y"},"content":{"rendered":"<p>M\u1ed9t t\u1eadp \u0111o\u00e0n h\u00f3a ch\u1ea5t than \u1edf S\u01a1n T\u00e2y \u0111\u00e3 cho ra m\u1eaft m\u00e1y nghi\u1ec1n tr\u1ee5c l\u0103n v\u00f2ng SRM1500 c\u1ee7a EPIC Powder Machinery \u0111\u1ec3 x\u1eed l\u00fd d\u1ef1 \u00e1n nghi\u1ec1n canxi oxit. \u0110\u00e3 h\u01a1n m\u1ed9t n\u0103m k\u1ec3 t\u1eeb khi \u0111\u01b0a v\u00e0o s\u1ea3n xu\u1ea5t th\u00e0nh c\u00f4ng. Qua chuy\u1ebfn th\u0103m tr\u1edf l\u1ea1i, kh\u00e1ch h\u00e0ng b\u00e0y t\u1ecf r\u1eb1ng h\u1ecd r\u1ea5t h\u00e0i l\u00f2ng v\u1edbi m\u00e1y nghi\u1ec1n n\u00e0y, kh\u00f4ng ch\u1ec9 ti\u1ebft ki\u1ec7m chi ph\u00ed, s\u1ea3n l\u01b0\u1ee3ng cao, \u1ed5n \u0111\u1ecbnh, c\u00f3 th\u1ec3 \u0111\u00e1p \u1ee9ng nhu c\u1ea7u s\u1ea3n xu\u1ea5t c\u1ee7a c\u00f4ng ty, n\u1ebfu b\u1ea1n b\u00e8 c\u1ea7n, ch\u00fang t\u00f4i s\u1ebd gi\u1edbi thi\u1ec7u thi\u1ebft b\u1ecb c\u1ee7a m\u00ecnh, c\u1ea3m \u01a1n kh\u00e1ch h\u00e0ng \u0111\u00e3 \u1ee7ng h\u1ed9 v\u00e0 gi\u1edbi thi\u1ec7u.<\/p>","protected":false},"excerpt":{"rendered":"<div class=\"project-details__info-single\">\n<h5 class=\"project-details__info-client\">Nguy\u00ean v\u1eadt li\u1ec7u:<\/h5>\n<p class=\"project-details__info-name\">canxi oxit<\/p>\n<\/div>\n<div class=\"project-details__info-single\">\n<h5 class=\"project-details__info-client\">\u0110\u1ed9 chi ti\u1ebft:<\/h5>\n<p class=\"project-details__info-name\">D90: l\u01b0\u1edbi 250<\/p>\n<\/div>\n<div class=\"project-details__info-single\">\n<h5 class=\"project-details__info-client\">\u0110\u1ea7u ra:<\/h5>\n<p class=\"project-details__info-name\">44t\/gi\u1edd<\/p>\n<\/div>","protected":false},"featured_media":13633,"template":"","meta":{"site-sidebar-layout":"default","site-content-layout":"default","ast-site-content-layout":"","site-content-style":"default","site-sidebar-style":"default","ast-global-header-display":"","ast-banner-title-visibility":"","ast-main-header-display":"","ast-hfb-above-header-display":"","ast-hfb-below-header-display":"","ast-hfb-mobile-header-display":"","site-post-title":"","ast-breadcrumbs-content":"","ast-featured-img":"","footer-sml-layout":"","theme-transparent-header-meta":"default","adv-header-id-meta":"","stick-header-meta":"default","header-above-stick-meta":"","header-main-stick-meta":"","header-below-stick-meta":"","astra-migrate-meta-layouts":"default","ast-page-background-enabled":"default","ast-page-background-meta":{"desktop":{"background-color":"","background-image":"","background-repeat":"repeat","background-position":"center center","background-size":"auto","background-attachment":"scroll","background-type":"","background-media":"","overlay-type":"","overlay-color":"","overlay-opacity":"","overlay-gradient":""},"tablet":{"background-color":"","background-image":"","background-repeat":"repeat","background-position":"center center","background-size":"auto","background-attachment":"scroll","background-type":"","background-media":"","overlay-type":"","overlay-color":"","overlay-opacity":"","overlay-gradient":""},"mobile":{"background-color":"","background-image":"","background-repeat":"repeat","background-position":"center center","background-size":"auto","background-attachment":"scroll","background-type":"","background-media":"","overlay-type":"","overlay-color":"","overlay-opacity":"","overlay-gradient":""}},"ast-content-background-meta":{"desktop":{"background-color":"var(--ast-global-color-5)","background-image":"","background-repeat":"repeat","background-position":"center center","background-size":"auto","background-attachment":"scroll","background-type":"","background-media":"","overlay-type":"","overlay-color":"","overlay-opacity":"","overlay-gradient":""},"tablet":{"background-color":"var(--ast-global-color-5)","background-image":"","background-repeat":"repeat","background-position":"center center","background-size":"auto","background-attachment":"scroll","background-type":"","background-media":"","overlay-type":"","overlay-color":"","overlay-opacity":"","overlay-gradient":""},"mobile":{"background-color":"var(--ast-global-color-5)","background-image":"","background-repeat":"repeat","background-position":"center center","background-size":"auto","background-attachment":"scroll","background-type":"","background-media":"","overlay-type":"","overlay-color":"","overlay-opacity":"","overlay-gradient":""}}},"product_cat":[24],"product_tag":[],"class_list":{"0":"post-12294","1":"product","2":"type-product","3":"status-publish","4":"has-post-thumbnail","6":"product_cat-roller-mill","7":"desktop-align-center","8":"tablet-align-center","9":"mobile-align-center","10":"ast-product-gallery-layout-horizontal-slider","11":"ast-product-gallery-with-no-image","12":"ast-product-tabs-layout-horizontal","14":"first","15":"instock","16":"featured","17":"shipping-taxable","18":"product-type-simple"},"yoast_head":"<!-- This site is optimized with the Yoast SEO plugin v24.4 - https:\/\/yoast.com\/wordpress\/plugins\/seo\/ -->\n<title>Shanxi customer calcium oxide ring roller mill production line project - Ring Roller Mill<\/title>\n<meta name=\"robots\" content=\"index, follow, max-snippet:-1, max-image-preview:large, max-video-preview:-1\" \/>\n<link rel=\"canonical\" href=\"https:\/\/www.vertical-roller-mill.com\/vi\/san-pham\/customer-calcium-oxide-ring-roller-mill-production-line-project\/\" \/>\n<meta property=\"og:locale\" content=\"vi_VN\" \/>\n<meta property=\"og:type\" content=\"article\" \/>\n<meta property=\"og:title\" content=\"Shanxi customer calcium oxide ring roller mill production line project - Ring Roller Mill\" \/>\n<meta property=\"og:description\" content=\"Materials: calcium oxide    Granularity: D90:250 mesh    Output: 44t\/h\" \/>\n<meta property=\"og:url\" content=\"https:\/\/www.vertical-roller-mill.com\/vi\/san-pham\/customer-calcium-oxide-ring-roller-mill-production-line-project\/\" \/>\n<meta property=\"og:site_name\" content=\"Ring Roller Mill\" \/>\n<meta property=\"article:modified_time\" content=\"2023-08-14T03:32:12+00:00\" \/>\n<meta property=\"og:image\" content=\"https:\/\/www.vertical-roller-mill.com\/wp-content\/uploads\/2021\/01\/37879c9b53fef605ba96a518e5c02f7d.webp\" \/>\n\t<meta property=\"og:image:width\" content=\"720\" \/>\n\t<meta property=\"og:image:height\" content=\"540\" \/>\n\t<meta property=\"og:image:type\" content=\"image\/webp\" \/>\n<meta name=\"twitter:card\" content=\"summary_large_image\" \/>\n<script type=\"application\/ld+json\" class=\"yoast-schema-graph\">{\"@context\":\"https:\/\/schema.org\",\"@graph\":[{\"@type\":\"WebPage\",\"@id\":\"https:\/\/www.vertical-roller-mill.com\/product\/customer-calcium-oxide-ring-roller-mill-production-line-project\/\",\"url\":\"https:\/\/www.vertical-roller-mill.com\/product\/customer-calcium-oxide-ring-roller-mill-production-line-project\/\",\"name\":\"Shanxi customer calcium oxide ring roller mill production line project - Ring Roller Mill\",\"isPartOf\":{\"@id\":\"https:\/\/www.vertical-roller-mill.com\/#website\"},\"primaryImageOfPage\":{\"@id\":\"https:\/\/www.vertical-roller-mill.com\/product\/customer-calcium-oxide-ring-roller-mill-production-line-project\/#primaryimage\"},\"image\":{\"@id\":\"https:\/\/www.vertical-roller-mill.com\/product\/customer-calcium-oxide-ring-roller-mill-production-line-project\/#primaryimage\"},\"thumbnailUrl\":\"https:\/\/www.vertical-roller-mill.com\/wp-content\/uploads\/2021\/01\/37879c9b53fef605ba96a518e5c02f7d.webp\",\"datePublished\":\"2021-01-16T12:36:30+00:00\",\"dateModified\":\"2023-08-14T03:32:12+00:00\",\"breadcrumb\":{\"@id\":\"https:\/\/www.vertical-roller-mill.com\/product\/customer-calcium-oxide-ring-roller-mill-production-line-project\/#breadcrumb\"},\"inLanguage\":\"vi\",\"potentialAction\":[{\"@type\":\"ReadAction\",\"target\":[\"https:\/\/www.vertical-roller-mill.com\/product\/customer-calcium-oxide-ring-roller-mill-production-line-project\/\"]}]},{\"@type\":\"ImageObject\",\"inLanguage\":\"vi\",\"@id\":\"https:\/\/www.vertical-roller-mill.com\/product\/customer-calcium-oxide-ring-roller-mill-production-line-project\/#primaryimage\",\"url\":\"https:\/\/www.vertical-roller-mill.com\/wp-content\/uploads\/2021\/01\/37879c9b53fef605ba96a518e5c02f7d.webp\",\"contentUrl\":\"https:\/\/www.vertical-roller-mill.com\/wp-content\/uploads\/2021\/01\/37879c9b53fef605ba96a518e5c02f7d.webp\",\"width\":720,\"height\":540},{\"@type\":\"BreadcrumbList\",\"@id\":\"https:\/\/www.vertical-roller-mill.com\/product\/customer-calcium-oxide-ring-roller-mill-production-line-project\/#breadcrumb\",\"itemListElement\":[{\"@type\":\"ListItem\",\"position\":1,\"name\":\"\u9996\u9875\",\"item\":\"https:\/\/www.vertical-roller-mill.com\/\"},{\"@type\":\"ListItem\",\"position\":2,\"name\":\"Cases\",\"item\":\"https:\/\/www.vertical-roller-mill.com\/products\/\"},{\"@type\":\"ListItem\",\"position\":3,\"name\":\"Shanxi customer calcium oxide ring roller mill production line project\"}]},{\"@type\":\"WebSite\",\"@id\":\"https:\/\/www.vertical-roller-mill.com\/#website\",\"url\":\"https:\/\/www.vertical-roller-mill.com\/\",\"name\":\"Ring Roller Mill\",\"description\":\"Mineral Grinding Ring Roller Mill\",\"publisher\":{\"@id\":\"https:\/\/www.vertical-roller-mill.com\/#organization\"},\"potentialAction\":[{\"@type\":\"SearchAction\",\"target\":{\"@type\":\"EntryPoint\",\"urlTemplate\":\"https:\/\/www.vertical-roller-mill.com\/?s={search_term_string}\"},\"query-input\":{\"@type\":\"PropertyValueSpecification\",\"valueRequired\":true,\"valueName\":\"search_term_string\"}}],\"inLanguage\":\"vi\"},{\"@type\":\"Organization\",\"@id\":\"https:\/\/www.vertical-roller-mill.com\/#organization\",\"name\":\"Ring Roller Mill\",\"url\":\"https:\/\/www.vertical-roller-mill.com\/\",\"logo\":{\"@type\":\"ImageObject\",\"inLanguage\":\"vi\",\"@id\":\"https:\/\/www.vertical-roller-mill.com\/#\/schema\/logo\/image\/\",\"url\":\"https:\/\/www.vertical-roller-mill.com\/wp-content\/uploads\/2023\/08\/cropped-logo2.png\",\"contentUrl\":\"https:\/\/www.vertical-roller-mill.com\/wp-content\/uploads\/2023\/08\/cropped-logo2.png\",\"width\":322,\"height\":78,\"caption\":\"Ring Roller Mill\"},\"image\":{\"@id\":\"https:\/\/www.vertical-roller-mill.com\/#\/schema\/logo\/image\/\"}}]}<\/script>\n<!-- \/ Yoast SEO plugin. -->","yoast_head_json":{"title":"Shanxi customer calcium oxide ring roller mill production line project - Ring Roller Mill","robots":{"index":"index","follow":"follow","max-snippet":"max-snippet:-1","max-image-preview":"max-image-preview:large","max-video-preview":"max-video-preview:-1"},"canonical":"https:\/\/www.vertical-roller-mill.com\/vi\/san-pham\/customer-calcium-oxide-ring-roller-mill-production-line-project\/","og_locale":"vi_VN","og_type":"article","og_title":"Shanxi customer calcium oxide ring roller mill production line project - Ring Roller Mill","og_description":"Materials: calcium oxide    Granularity: D90:250 mesh    Output: 44t\/h","og_url":"https:\/\/www.vertical-roller-mill.com\/vi\/san-pham\/customer-calcium-oxide-ring-roller-mill-production-line-project\/","og_site_name":"Ring Roller Mill","article_modified_time":"2023-08-14T03:32:12+00:00","og_image":[{"width":720,"height":540,"url":"https:\/\/www.vertical-roller-mill.com\/wp-content\/uploads\/2021\/01\/37879c9b53fef605ba96a518e5c02f7d.webp","type":"image\/webp"}],"twitter_card":"summary_large_image","schema":{"@context":"https:\/\/schema.org","@graph":[{"@type":"WebPage","@id":"https:\/\/www.vertical-roller-mill.com\/product\/customer-calcium-oxide-ring-roller-mill-production-line-project\/","url":"https:\/\/www.vertical-roller-mill.com\/product\/customer-calcium-oxide-ring-roller-mill-production-line-project\/","name":"Shanxi customer calcium oxide ring roller mill production line project - Ring Roller Mill","isPartOf":{"@id":"https:\/\/www.vertical-roller-mill.com\/#website"},"primaryImageOfPage":{"@id":"https:\/\/www.vertical-roller-mill.com\/product\/customer-calcium-oxide-ring-roller-mill-production-line-project\/#primaryimage"},"image":{"@id":"https:\/\/www.vertical-roller-mill.com\/product\/customer-calcium-oxide-ring-roller-mill-production-line-project\/#primaryimage"},"thumbnailUrl":"https:\/\/www.vertical-roller-mill.com\/wp-content\/uploads\/2021\/01\/37879c9b53fef605ba96a518e5c02f7d.webp","datePublished":"2021-01-16T12:36:30+00:00","dateModified":"2023-08-14T03:32:12+00:00","breadcrumb":{"@id":"https:\/\/www.vertical-roller-mill.com\/product\/customer-calcium-oxide-ring-roller-mill-production-line-project\/#breadcrumb"},"inLanguage":"vi","potentialAction":[{"@type":"ReadAction","target":["https:\/\/www.vertical-roller-mill.com\/product\/customer-calcium-oxide-ring-roller-mill-production-line-project\/"]}]},{"@type":"ImageObject","inLanguage":"vi","@id":"https:\/\/www.vertical-roller-mill.com\/product\/customer-calcium-oxide-ring-roller-mill-production-line-project\/#primaryimage","url":"https:\/\/www.vertical-roller-mill.com\/wp-content\/uploads\/2021\/01\/37879c9b53fef605ba96a518e5c02f7d.webp","contentUrl":"https:\/\/www.vertical-roller-mill.com\/wp-content\/uploads\/2021\/01\/37879c9b53fef605ba96a518e5c02f7d.webp","width":720,"height":540},{"@type":"BreadcrumbList","@id":"https:\/\/www.vertical-roller-mill.com\/product\/customer-calcium-oxide-ring-roller-mill-production-line-project\/#breadcrumb","itemListElement":[{"@type":"ListItem","position":1,"name":"\u9996\u9875","item":"https:\/\/www.vertical-roller-mill.com\/"},{"@type":"ListItem","position":2,"name":"Cases","item":"https:\/\/www.vertical-roller-mill.com\/products\/"},{"@type":"ListItem","position":3,"name":"Shanxi customer calcium oxide ring roller mill production line project"}]},{"@type":"WebSite","@id":"https:\/\/www.vertical-roller-mill.com\/#website","url":"https:\/\/www.vertical-roller-mill.com\/","name":"Ring Roller Mill","description":"Mineral Grinding Ring Roller Mill","publisher":{"@id":"https:\/\/www.vertical-roller-mill.com\/#organization"},"potentialAction":[{"@type":"SearchAction","target":{"@type":"EntryPoint","urlTemplate":"https:\/\/www.vertical-roller-mill.com\/?s={search_term_string}"},"query-input":{"@type":"PropertyValueSpecification","valueRequired":true,"valueName":"search_term_string"}}],"inLanguage":"vi"},{"@type":"Organization","@id":"https:\/\/www.vertical-roller-mill.com\/#organization","name":"Ring Roller Mill","url":"https:\/\/www.vertical-roller-mill.com\/","logo":{"@type":"ImageObject","inLanguage":"vi","@id":"https:\/\/www.vertical-roller-mill.com\/#\/schema\/logo\/image\/","url":"https:\/\/www.vertical-roller-mill.com\/wp-content\/uploads\/2023\/08\/cropped-logo2.png","contentUrl":"https:\/\/www.vertical-roller-mill.com\/wp-content\/uploads\/2023\/08\/cropped-logo2.png","width":322,"height":78,"caption":"Ring Roller Mill"},"image":{"@id":"https:\/\/www.vertical-roller-mill.com\/#\/schema\/logo\/image\/"}}]}},"acf":[],"_links":{"self":[{"href":"https:\/\/www.vertical-roller-mill.com\/vi\/wp-json\/wp\/v2\/product\/12294","targetHints":{"allow":["GET"]}}],"collection":[{"href":"https:\/\/www.vertical-roller-mill.com\/vi\/wp-json\/wp\/v2\/product"}],"about":[{"href":"https:\/\/www.vertical-roller-mill.com\/vi\/wp-json\/wp\/v2\/types\/product"}],"wp:featuredmedia":[{"embeddable":true,"href":"https:\/\/www.vertical-roller-mill.com\/vi\/wp-json\/wp\/v2\/media\/13633"}],"wp:attachment":[{"href":"https:\/\/www.vertical-roller-mill.com\/vi\/wp-json\/wp\/v2\/media?parent=12294"}],"wp:term":[{"taxonomy":"product_cat","embeddable":true,"href":"https:\/\/www.vertical-roller-mill.com\/vi\/wp-json\/wp\/v2\/product_cat?post=12294"},{"taxonomy":"product_tag","embeddable":true,"href":"https:\/\/www.vertical-roller-mill.com\/vi\/wp-json\/wp\/v2\/product_tag?post=12294"}],"curies":[{"name":"wp","href":"https:\/\/api.w.org\/{rel}","templated":true}]}}